{"id":31709,"date":"2026-05-11T12:10:49","date_gmt":"2026-05-11T12:10:49","guid":{"rendered":"https:\/\/prismirror.shop\/product\/delonghi-dinamica-plus-ecam380-95-tb-kaffeevollautomat-mit-lattecrema-milchsystem-one-touch-cappuccino-mit-24-rezepten-3-5-zoll-tft-farbdisplay-1450w-titan-schwarz\/"},"modified":"2026-05-11T12:14:53","modified_gmt":"2026-05-11T12:14:53","slug":"delonghi-dinamica-plus-ecam380-95-tb-kaffeevollautomat-mit-lattecrema-milchsystem-one-touch-cappuccino-mit-24-rezepten-3-5-zoll-tft-farbdisplay-1450w-titan-schwarz","status":"publish","type":"product","link":"https:\/\/prismirror.shop\/en\/product\/delonghi-dinamica-plus-ecam380-95-tb-kaffeevollautomat-mit-lattecrema-milchsystem-one-touch-cappuccino-mit-24-rezepten-3-5-zoll-tft-farbdisplay-1450w-titan-schwarz\/","title":{"rendered":"De&#8217;Longhi Dinamica Plus ECAM380.95.TB Kaffeevollautomat 24 Rezepte LatteCrema One-Touch 3,5&#8243; TFT Titan"},"content":{"rendered":"<p><strong>Product Overview<\/strong><\/p>\n<ul>\n<li>\n<strong>Marke:<\/strong> De&#8217;Longhi<\/li>\n<li>\n<strong>Kapazit\u00e4t:<\/strong> 1,8 Liter<\/li>\n<li>\n<strong>Farbe:<\/strong> Titanium\/Schwarz<\/li>\n<li>\n<strong>Produktabmessungen:<\/strong> 42,9T x 23,6B x 34,8H cm<\/li>\n<li>\n<strong>Besonderes Merkmal:<\/strong> Touchscreen<\/li>\n<\/ul>\n<p><strong>Product Features<\/strong><\/p>\n<ul>\n<li>GETR\u00c4NKE AUF KNOPFDRUCK: Entdecke 24 Rezepte f\u00fcr klassische, intensive &#038; aromatische Kaffeegetr\u00e4nke aus frisch gemahlenen Bohnen und bereite dein Lieblingsgetr\u00e4nk auf Knopfdruck zu. Inkl. Kaffeekannenfunktion f\u00fcr bis zu 6 Tassen<\/li>\n<li>SMART ONE-TOUCH TECHNOLOGIE: Die Rezepte werden automatisch f\u00fcr Sie sortiert &#8211; so finden Sie Ihre meist getrunkenen Getr\u00e4nke immer auf der Startseite<\/li>\n<li>LATTECREMA MILCHSYSTEM: Genie\u00dfen Sie feinen und vollmundigen Milchschaum f\u00fcr k\u00f6stliche Ergebnisse in jeder Tasse. Mit automatischer Reinigung auf Knopfdruck nach jeder Verwendung<\/li>\n<li>TEMPERATURKONTROLLE: Das hochpr\u00e4zise, elektronisch gesteuerte Verdampfungssystem garantiert, dass der Dampf bei optimaler Temperatur erzeugt wird, um stets das perfekte Ergebnis zu erzielen<\/li>\n<li>EINFACH ZU REINIGEN: Integrierte Reinigungsfunktion f\u00fcr maximale Hygiene &#8211; nach jedem Getr\u00e4nk werden alle Teile, die mit Milch in Kontakt kommen, automatisch gereinigt<\/li>\n<\/ul>\n<p><strong>Product Information<\/strong><\/p>\n<ul>\n<table style=\"margin-bottom:20px\">\n<tbody>\n<tr>\n<td><strong>Besondere Eigenschaften<\/strong><\/td>\n<td>Touchscreen<\/td>\n<\/tr>\n<tr>\n<td><strong>Kaffeemaschinentyp<\/strong><\/td>\n<td>Espressomaschine<\/td>\n<\/tr>\n<tr>\n<td><strong>Bestimmte Nutzungsm\u00f6gl. des Produkts<\/strong><\/td>\n<td>F\u00fcr zu Hause oder im B\u00fcro<\/td>\n<\/tr>\n<tr>\n<td><strong>Empfohlene Verw.bereiche f\u00fcr Produkt<\/strong><\/td>\n<td>Heimgebrauch, Zubereitung von Kaffeegetr\u00e4nken<\/td>\n<\/tr>\n<tr>\n<td><strong>Betriebsmodus<\/strong><\/td>\n<td>Vollautomatisch<\/td>\n<\/tr>\n<tr>\n<td><strong>Wattzahl<\/strong><\/td>\n<td>1450 Watt<\/td>\n<\/tr>\n<tr>\n<td><strong>Spannung<\/strong><\/td>\n<td>240<\/td>\n<\/tr>\n<tr>\n<td><strong>Eingabe \u00fcber Benutzeroberfl\u00e4che<\/strong><\/td>\n<td>Touchscreen<\/td>\n<\/tr>\n<tr>\n<td><strong>Geeigneter Kaffeeetyp<\/strong><\/td>\n<td>Bohnen<\/td>\n<\/tr>\n<tr>\n<td><strong>Energiequelle<\/strong><\/td>\n<td>AC Adapter<\/td>\n<\/tr>\n<tr>\n<td><strong>Filtertyp<\/strong><\/td>\n<td>kein Filter<\/td>\n<\/tr>\n<tr>\n<td><strong>Kapazit\u00e4t<\/strong><\/td>\n<td>1,8 Liter<\/td>\n<\/tr>\n<tr>\n<td><strong>Artikel Abmessungen T x B x H<\/strong><\/td>\n<td>42,9T x 23,6B x 34,8H cm<\/td>\n<\/tr>\n<tr>\n<td><strong>Artikelgewicht<\/strong><\/td>\n<td>9,5 Kilogramm<\/td>\n<\/tr>\n<tr>\n<td><strong>Anzahl der Artikel<\/strong><\/td>\n<td>1<\/td>\n<\/tr>\n<tr>\n<td><strong>Anzahl von Einheiten<\/strong><\/td>\n<td>1.0 st\u00fcck<\/td>\n<\/tr>\n<tr>\n<td><strong>Material<\/strong><\/td>\n<td>Titan<\/td>\n<\/tr>\n<tr>\n<td><strong>Au\u00dfenverkleidung<\/strong><\/td>\n<td>Glatt<\/td>\n<\/tr>\n<tr>\n<td><strong>Ist sp\u00fclmaschinenfest<\/strong><\/td>\n<td>Nein<\/td>\n<\/tr>\n<tr>\n<td><strong>Markenname<\/strong><\/td>\n<td>De&#8217;Longhi<\/td>\n<\/tr>\n<tr>\n<td><strong>Ursprungsland<\/strong><\/td>\n<td>Rum\u00e4nien<\/td>\n<\/tr>\n<tr>\n<td><strong>Enthaltene Komponenten<\/strong><\/td>\n<td>Wiederverwendbarer Filter, Bedienungsanleitung (evtl. nicht in deutscher Sprache)<\/td>\n<\/tr>\n<tr>\n<td><strong>Modellname<\/strong><\/td>\n<td>De&#8217;Longhi EVO<\/td>\n<\/tr>\n<tr>\n<td><strong>Modellnummer<\/strong><\/td>\n<td>ECAM380.95.TB<\/td>\n<\/tr>\n<tr>\n<td><strong>Global Trade Identification Number<\/strong><\/td>\n<td>08004399027077<\/td>\n<\/tr>\n<tr>\n<td><strong>Hersteller<\/strong><\/td>\n<td>De&#8217;Longhi<\/td>\n<\/tr>\n<tr>\n<td><strong>Teilenummer<\/strong><\/td>\n<td>ECAM380.95.TB<\/td>\n<\/tr>\n<tr>\n<td><strong>Artikeltypbezeichnung<\/strong><\/td>\n<td>De&#8217;Longhi Magnifica Evo Next<\/td>\n<\/tr>\n<tr>\n<td><strong>Kontaktinformationen des Importeurs<\/strong><\/td>\n<td>Silveor Lifestyle India LLP, Plot-82 Patparganj Industriegebiet, Patparganj, Delhi-110092, Freinummer: 1800 203 3450, Support@silveorindia.com<\/td>\n<\/tr>\n<tr>\n<td><strong>Kontaktinformationen des Packers<\/strong><\/td>\n<td>Silveor Lifestyle India LLP, Plot-82 Patparganj Industriegebiet, Patparganj, Delhi-110092, Freinummer: 1800 203 3450, Support@silveorindia.com<\/td>\n<\/tr>\n<tr>\n<td><strong>Amazon Bestseller-Rang<\/strong><\/td>\n<td><\/td>\n<\/tr>\n<tr>\n<td><strong>ASIN<\/strong><\/td>\n<td>B0CKLKNBPY<\/td>\n<\/tr>\n<tr>\n<td><strong>Durchschnittliche Kundenbewertung<\/strong><\/td>\n<td><\/td>\n<\/tr>\n<tr>\n<td><strong>Farbe<\/strong><\/td>\n<td>Titanium\/Schwarz<\/td>\n<\/tr>\n<tr>\n<td><strong>Stil<\/strong><\/td>\n<td>24 Getr\u00e4nke<\/td>\n<\/tr>\n<\/tbody>\n<\/table>\n<\/ul>","protected":false},"excerpt":{"rendered":"<p>Product Overview Marke: De&#8217;Longhi Kapazit\u00e4t: 1,8 Liter Farbe: Titanium\/Schwarz Produktabmessungen: 42,9T x 23,6B x 34,8H cm Besonderes Merkmal: Touchscreen Product<\/p>","protected":false},"featured_media":31784,"comment_status":"open","ping_status":"closed","template":"","meta":[],"product_brand":[],"product_cat":[26],"product_tag":[],"class_list":{"0":"post-31709","1":"product","2":"type-product","3":"status-publish","4":"has-post-thumbnail","6":"product_cat-bestseller","8":"first","9":"instock","10":"sale","11":"shipping-taxable","12":"purchasable","13":"product-type-variable"},"jetpack_sharing_enabled":true,"_links":{"self":[{"href":"https:\/\/prismirror.shop\/en\/wp-json\/wp\/v2\/product\/31709","targetHints":{"allow":["GET"]}}],"collection":[{"href":"https:\/\/prismirror.shop\/en\/wp-json\/wp\/v2\/product"}],"about":[{"href":"https:\/\/prismirror.shop\/en\/wp-json\/wp\/v2\/types\/product"}],"replies":[{"embeddable":true,"href":"https:\/\/prismirror.shop\/en\/wp-json\/wp\/v2\/comments?post=31709"}],"version-history":[{"count":1,"href":"https:\/\/prismirror.shop\/en\/wp-json\/wp\/v2\/product\/31709\/revisions"}],"predecessor-version":[{"id":31813,"href":"https:\/\/prismirror.shop\/en\/wp-json\/wp\/v2\/product\/31709\/revisions\/31813"}],"wp:featuredmedia":[{"embeddable":true,"href":"https:\/\/prismirror.shop\/en\/wp-json\/wp\/v2\/media\/31784"}],"wp:attachment":[{"href":"https:\/\/prismirror.shop\/en\/wp-json\/wp\/v2\/media?parent=31709"}],"wp:term":[{"taxonomy":"product_brand","embeddable":true,"href":"https:\/\/prismirror.shop\/en\/wp-json\/wp\/v2\/product_brand?post=31709"},{"taxonomy":"product_cat","embeddable":true,"href":"https:\/\/prismirror.shop\/en\/wp-json\/wp\/v2\/product_cat?post=31709"},{"taxonomy":"product_tag","embeddable":true,"href":"https:\/\/prismirror.shop\/en\/wp-json\/wp\/v2\/product_tag?post=31709"}],"curies":[{"name":"wp","href":"https:\/\/api.w.org\/{rel}","templated":true}]}}