{"id":31718,"date":"2026-05-11T12:10:50","date_gmt":"2026-05-11T12:10:50","guid":{"rendered":"https:\/\/prismirror.shop\/product\/delonghi-siebtragermaschine-la-specialista-arte-ec9155-mb-espressomaschine-mit-mahlwerk-8-mahlgrade-15-bar-3-temperaturen-milchschaumduse-1550w-1-7l-tank-edelstahl-schwarz-inkl-barista-kit\/"},"modified":"2026-05-11T12:14:53","modified_gmt":"2026-05-11T12:14:53","slug":"delonghi-siebtragermaschine-la-specialista-arte-ec9155-mb-espressomaschine-mit-mahlwerk-8-mahlgrade-15-bar-3-temperaturen-milchschaumduse-1550w-1-7l-tank-edelstahl-schwarz-inkl-barista-kit","status":"publish","type":"product","link":"https:\/\/prismirror.shop\/en\/product\/delonghi-siebtragermaschine-la-specialista-arte-ec9155-mb-espressomaschine-mit-mahlwerk-8-mahlgrade-15-bar-3-temperaturen-milchschaumduse-1550w-1-7l-tank-edelstahl-schwarz-inkl-barista-kit\/","title":{"rendered":"De&#8217;Longhi La Specialista Arte EC9155.MB Siebtr\u00e4ger Mahlwerk 8 Mahlgrade 15 Bar Milchschaumd\u00fcse Schwarz"},"content":{"rendered":"<p><strong>Product Overview<\/strong><\/p>\n<ul>\n<li>\n<strong>Marke:<\/strong> De&#8217;Longhi<\/li>\n<li>\n<strong>Kapazit\u00e4t:<\/strong> 1,5 Liter<\/li>\n<li>\n<strong>Farbe:<\/strong> Edelstahl \/ Schwarz<\/li>\n<li>\n<strong>Produktabmessungen:<\/strong> 10T x 48B x 50H cm<\/li>\n<li>\n<strong>Besonderes Merkmal:<\/strong> Milchaufsch\u00e4umer<\/li>\n<\/ul>\n<p><strong>Product Features<\/strong><\/p>\n<ul>\n<li>ERSTKLASSIGE ITALIENISCHE KAFFEEQUALIT\u00c4T: Hervorragende Kaffeequalit\u00e4t mit der La Specialista Arte: Volles Aroma, ideale Crema und authentischer italienischer Espresso dank 8 Mahlwerkseinstellungen; Einfach perfetto<\/li>\n<li>HOCHWERTIGES, ZEITLOSES DESIGN: Das elegante Edelstahlgeh\u00e4use der La Specialista Arte vereint langlebige Premium-Qualit\u00e4t mit italenischem Design und \u00fcberzeugt in jeder K\u00fcche<\/li>\n<li>IDEALER MILCHSCHAUM: Ob cremiger Cappuccino, seidiger Milchkaffee oder samtiger Espresso Macchiato &#8211; das My LatteArt-System kreiert festen, feinporigen Milchschaum f\u00fcr den idealen Genuss und kreative Latte Art<\/li>\n<li>KAFFEEVIELFALT IN BARISTA-QUALIT\u00c4T: Vollmundiger Espresso, sanfter Americano, eine Tasse Kaffee oder Hei\u00dfwasser f\u00fcr Tee &#8211; die Zubereitung gelingt dank voreingestellten Programmen ganz einfach<\/li>\n<li>KAFFEE-EXPERTISE: Als Espressomaschinenmarke Nr. 1 in Deutschland \u00fcberzeugt De\u00b4Longhi durch ideale Espresso-Ergebnisse<\/li>\n<li>UMFASSENDES BARISTA-KIT: Edelstahl Tamper, Tamping Matte, Dosierhilfe und Milchk\u00e4nnchen enthalten<\/li>\n<\/ul>\n<p><strong>Product Information<\/strong><\/p>\n<ul>\n<table style=\"margin-bottom:20px\">\n<tbody>\n<tr>\n<td><strong>Besondere Eigenschaften<\/strong><\/td>\n<td>Milchaufsch\u00e4umer<\/td>\n<\/tr>\n<tr>\n<td><strong>Kaffeemaschinentyp<\/strong><\/td>\n<td>Espressomaschine<\/td>\n<\/tr>\n<tr>\n<td><strong>Bestimmte Nutzungsm\u00f6gl. des Produkts<\/strong><\/td>\n<td>cup_warmer<\/td>\n<\/tr>\n<tr>\n<td><strong>Empfohlene Verw.bereiche f\u00fcr Produkt<\/strong><\/td>\n<td>F\u00fcr hei\u00dfe und kalte Getr\u00e4nke auf Kaffeebasis<\/td>\n<\/tr>\n<tr>\n<td><strong>Betriebsmodus<\/strong><\/td>\n<td>Halbautomatisch<\/td>\n<\/tr>\n<tr>\n<td><strong>Wattzahl<\/strong><\/td>\n<td>1300<\/td>\n<\/tr>\n<tr>\n<td><strong>Spannung<\/strong><\/td>\n<td>220<\/td>\n<\/tr>\n<tr>\n<td><strong>Eingabe \u00fcber Benutzeroberfl\u00e4che<\/strong><\/td>\n<td>Tasten<\/td>\n<\/tr>\n<tr>\n<td><strong>Geeigneter Kaffeeetyp<\/strong><\/td>\n<td>portafilter<\/td>\n<\/tr>\n<tr>\n<td><strong>Smart-Home-Kompatibilit\u00e4t<\/strong><\/td>\n<td>Nicht Smart-Home-kompatibel<\/td>\n<\/tr>\n<tr>\n<td><strong>Energiequelle<\/strong><\/td>\n<td>Netzteil<\/td>\n<\/tr>\n<tr>\n<td><strong>Filtertyp<\/strong><\/td>\n<td>Wiederverwendbar<\/td>\n<\/tr>\n<tr>\n<td><strong>Kapazit\u00e4t<\/strong><\/td>\n<td>1,5 Liter<\/td>\n<\/tr>\n<tr>\n<td><strong>Artikel Abmessungen T x B x H<\/strong><\/td>\n<td>10T x 48B x 50H cm<\/td>\n<\/tr>\n<tr>\n<td><strong>Artikelgewicht<\/strong><\/td>\n<td>13 Kilogramm<\/td>\n<\/tr>\n<tr>\n<td><strong>Anzahl der Artikel<\/strong><\/td>\n<td>1<\/td>\n<\/tr>\n<tr>\n<td><strong>Anzahl von Einheiten<\/strong><\/td>\n<td>1.0 st\u00fcck<\/td>\n<\/tr>\n<tr>\n<td><strong>Material<\/strong><\/td>\n<td>Metall<\/td>\n<\/tr>\n<tr>\n<td><strong>Au\u00dfenverkleidung<\/strong><\/td>\n<td>Edelstahl<\/td>\n<\/tr>\n<tr>\n<td><strong>Ist sp\u00fclmaschinenfest<\/strong><\/td>\n<td>Nein<\/td>\n<\/tr>\n<tr>\n<td><strong>Markenname<\/strong><\/td>\n<td>De&#8217;Longhi<\/td>\n<\/tr>\n<tr>\n<td><strong>Ursprungsland<\/strong><\/td>\n<td>China<\/td>\n<\/tr>\n<tr>\n<td><strong>Enthaltene Komponenten<\/strong><\/td>\n<td>Filter, Tamper<\/td>\n<\/tr>\n<tr>\n<td><strong>Modellname<\/strong><\/td>\n<td>La Specialista Arte<\/td>\n<\/tr>\n<tr>\n<td><strong>Modellnummer<\/strong><\/td>\n<td>EC9155.MB<\/td>\n<\/tr>\n<tr>\n<td><strong>Verpackung<\/strong><\/td>\n<td>FFP<\/td>\n<\/tr>\n<tr>\n<td><strong>Herstellungsjahr<\/strong><\/td>\n<td>2021<\/td>\n<\/tr>\n<tr>\n<td><strong>Global Trade Identification Number<\/strong><\/td>\n<td>08004399021921<\/td>\n<\/tr>\n<tr>\n<td><strong>Hersteller<\/strong><\/td>\n<td>De&#8217;Longhi<\/td>\n<\/tr>\n<tr>\n<td><strong>Garantie f\u00fcr das Produkt<\/strong><\/td>\n<td>Herstellergarantie.<\/td>\n<\/tr>\n<tr>\n<td><strong>Teilenummer<\/strong><\/td>\n<td>EC9155.MB<\/td>\n<\/tr>\n<tr>\n<td><strong>Artikeltypbezeichnung<\/strong><\/td>\n<td>De&#8217;Longhi La Specialista Arte EC 9155.MB Espresso Siebtr\u00e4germaschine, Espressomaschine mit Professioneller Milchaufsch\u00e4umd\u00fcse, inkl. Barista-Kit, Edelstahl\/Schwarz<\/td>\n<\/tr>\n<tr>\n<td><strong>Amazon Bestseller-Rang<\/strong><\/td>\n<td><\/td>\n<\/tr>\n<tr>\n<td><strong>ASIN<\/strong><\/td>\n<td>B09RR1C9FB<\/td>\n<\/tr>\n<tr>\n<td><strong>Durchschnittliche Kundenbewertung<\/strong><\/td>\n<td><\/td>\n<\/tr>\n<tr>\n<td><strong>Farbe<\/strong><\/td>\n<td>Edelstahl \/ Schwarz<\/td>\n<\/tr>\n<tr>\n<td><strong>Stil<\/strong><\/td>\n<td>ohne Cold Brew<\/td>\n<\/tr>\n<\/tbody>\n<\/table>\n<\/ul>","protected":false},"excerpt":{"rendered":"<p>Product Overview Marke: De&#8217;Longhi Kapazit\u00e4t: 1,5 Liter Farbe: Edelstahl \/ Schwarz Produktabmessungen: 10T x 48B x 50H cm Besonderes Merkmal:<\/p>","protected":false},"featured_media":31840,"comment_status":"open","ping_status":"closed","template":"","meta":[],"product_brand":[],"product_cat":[26],"product_tag":[],"class_list":{"0":"post-31718","1":"product","2":"type-product","3":"status-publish","4":"has-post-thumbnail","6":"product_cat-bestseller","8":"first","9":"instock","10":"sale","11":"shipping-taxable","12":"purchasable","13":"product-type-variable"},"jetpack_sharing_enabled":true,"_links":{"self":[{"href":"https:\/\/prismirror.shop\/en\/wp-json\/wp\/v2\/product\/31718","targetHints":{"allow":["GET"]}}],"collection":[{"href":"https:\/\/prismirror.shop\/en\/wp-json\/wp\/v2\/product"}],"about":[{"href":"https:\/\/prismirror.shop\/en\/wp-json\/wp\/v2\/types\/product"}],"replies":[{"embeddable":true,"href":"https:\/\/prismirror.shop\/en\/wp-json\/wp\/v2\/comments?post=31718"}],"version-history":[{"count":1,"href":"https:\/\/prismirror.shop\/en\/wp-json\/wp\/v2\/product\/31718\/revisions"}],"predecessor-version":[{"id":31811,"href":"https:\/\/prismirror.shop\/en\/wp-json\/wp\/v2\/product\/31718\/revisions\/31811"}],"wp:featuredmedia":[{"embeddable":true,"href":"https:\/\/prismirror.shop\/en\/wp-json\/wp\/v2\/media\/31840"}],"wp:attachment":[{"href":"https:\/\/prismirror.shop\/en\/wp-json\/wp\/v2\/media?parent=31718"}],"wp:term":[{"taxonomy":"product_brand","embeddable":true,"href":"https:\/\/prismirror.shop\/en\/wp-json\/wp\/v2\/product_brand?post=31718"},{"taxonomy":"product_cat","embeddable":true,"href":"https:\/\/prismirror.shop\/en\/wp-json\/wp\/v2\/product_cat?post=31718"},{"taxonomy":"product_tag","embeddable":true,"href":"https:\/\/prismirror.shop\/en\/wp-json\/wp\/v2\/product_tag?post=31718"}],"curies":[{"name":"wp","href":"https:\/\/api.w.org\/{rel}","templated":true}]}}