{"id":31726,"date":"2026-05-11T12:10:51","date_gmt":"2026-05-11T12:10:51","guid":{"rendered":"https:\/\/prismirror.shop\/product\/de-longhi-magnifica-evo-perfetto-kaffeevollautomat-mit-klassischem-milchaufschaumer-4-one-touch-getranke-cappuccino-espresso-kaffeemaschine-soft-touch-bedienfeld-silber-ecam292-33-sb\/"},"modified":"2026-05-11T12:14:53","modified_gmt":"2026-05-11T12:14:53","slug":"de-longhi-magnifica-evo-perfetto-kaffeevollautomat-mit-klassischem-milchaufschaumer-4-one-touch-getranke-cappuccino-espresso-kaffeemaschine-soft-touch-bedienfeld-silber-ecam292-33-sb","status":"publish","type":"product","link":"https:\/\/prismirror.shop\/en\/product\/de-longhi-magnifica-evo-perfetto-kaffeevollautomat-mit-klassischem-milchaufschaumer-4-one-touch-getranke-cappuccino-espresso-kaffeemaschine-soft-touch-bedienfeld-silber-ecam292-33-sb\/","title":{"rendered":"De&#8217;Longhi Magnifica Evo ECAM292.33.SB Kaffeevollautomat 4 Getr\u00e4nke Milchaufsch\u00e4umer One-Touch Soft-Touch Silber"},"content":{"rendered":"<p><strong>Product Overview<\/strong><\/p>\n<ul>\n<li>\n<strong>Marke:<\/strong> De&#8217;Longhi<\/li>\n<li>\n<strong>Kapazit\u00e4t:<\/strong> 1,8 Liter<\/li>\n<li>\n<strong>Farbe:<\/strong> Silber, 5 Getr\u00e4nke<\/li>\n<li>\n<strong>Produktabmessungen:<\/strong> 36T x 24B x 44H cm<\/li>\n<li>\n<strong>Besonderes Merkmal:<\/strong> Milchaufsch\u00e4umer<\/li>\n<\/ul>\n<p><strong>Product Features<\/strong><\/p>\n<ul>\n<li>EINFACHE BEDIENUNG: 5 Direktwahltasten f\u00fcr Espresso, Kaffee, Long Coffee und Americano aus frisch gemahlenen Bohnen auf Knopfdruck<\/li>\n<li>HOCHWERTIGES MAHLWERK: Das 13-stufige Kegelmahlwerk kann individuell eingestellt werden, es passen 250 g Kaffeebohnen in den Beh\u00e4lter \u2013 der Vollautomat eignet auch f\u00fcr die Nutzung mit Kaffeepulver<\/li>\n<li>BARISTA-STYLE: Die spezielle Milchaufsch\u00e4umd\u00fcse erm\u00f6glicht ein ideales Milchschaum Ergebnis f\u00fcr einen cremigen Cappuccino oder Latte Macchiato<\/li>\n<li>BEDIENKOMFORT: Dank des neuen Bedienfelds mit farbigen Symbolen mit LED-Beleuchtung<\/li>\n<li>LEICHTE REINIGUNG: Die kompakte Br\u00fchgruppe ist wartungsarm, l\u00e4sst sich vollst\u00e4ndig aus der Kaffeemaschine herausnehmen und erm\u00f6glicht so eine einfache Reinigung des Maschineninnenraums<\/li>\n<\/ul>\n<p><strong>Product Information<\/strong><\/p>\n<ul>\n<table style=\"margin-bottom:20px\">\n<tbody>\n<tr>\n<td><strong>Besondere Eigenschaften<\/strong><\/td>\n<td>Milchaufsch\u00e4umer<\/td>\n<\/tr>\n<tr>\n<td><strong>Kaffeemaschinentyp<\/strong><\/td>\n<td>Espressomaschine<\/td>\n<\/tr>\n<tr>\n<td><strong>Bestimmte Nutzungsm\u00f6gl. des Produkts<\/strong><\/td>\n<td>Zubereitungen auf Basis von Espresso, Milchgetr\u00e4nken, Tee und Aufg\u00fcssen<\/td>\n<\/tr>\n<tr>\n<td><strong>Empfohlene Verw.bereiche f\u00fcr Produkt<\/strong><\/td>\n<td>Reisen<\/td>\n<\/tr>\n<tr>\n<td><strong>Betriebsmodus<\/strong><\/td>\n<td>Vollautomatisch<\/td>\n<\/tr>\n<tr>\n<td><strong>Wattzahl<\/strong><\/td>\n<td>1450 Watt<\/td>\n<\/tr>\n<tr>\n<td><strong>Spannung<\/strong><\/td>\n<td>230 Volt<\/td>\n<\/tr>\n<tr>\n<td><strong>Eingabe \u00fcber Benutzeroberfl\u00e4che<\/strong><\/td>\n<td>Tasten<\/td>\n<\/tr>\n<tr>\n<td><strong>Geeigneter Kaffeeetyp<\/strong><\/td>\n<td>whole_beans<\/td>\n<\/tr>\n<tr>\n<td><strong>Energiequelle<\/strong><\/td>\n<td>AC-Adapter<\/td>\n<\/tr>\n<tr>\n<td><strong>Filtertyp<\/strong><\/td>\n<td>Wiederverwendbar<\/td>\n<\/tr>\n<tr>\n<td><strong>Kapazit\u00e4t<\/strong><\/td>\n<td>1,8 Liter<\/td>\n<\/tr>\n<tr>\n<td><strong>Artikel Abmessungen T x B x H<\/strong><\/td>\n<td>36T x 24B x 44H cm<\/td>\n<\/tr>\n<tr>\n<td><strong>Artikelgewicht<\/strong><\/td>\n<td>11,7 Kilogramm<\/td>\n<\/tr>\n<tr>\n<td><strong>Anzahl der Artikel<\/strong><\/td>\n<td>1<\/td>\n<\/tr>\n<tr>\n<td><strong>Anzahl von Einheiten<\/strong><\/td>\n<td>1.0 st\u00fcck<\/td>\n<\/tr>\n<tr>\n<td><strong>Material<\/strong><\/td>\n<td>Kunststoff<\/td>\n<\/tr>\n<tr>\n<td><strong>Au\u00dfenverkleidung<\/strong><\/td>\n<td>Metallisch<\/td>\n<\/tr>\n<tr>\n<td><strong>Ist sp\u00fclmaschinenfest<\/strong><\/td>\n<td>Ja<\/td>\n<\/tr>\n<tr>\n<td><strong>Markenname<\/strong><\/td>\n<td>De&#8217;Longhi<\/td>\n<\/tr>\n<tr>\n<td><strong>Ursprungsland<\/strong><\/td>\n<td>Rum\u00e4nien<\/td>\n<\/tr>\n<tr>\n<td><strong>Enthaltene Komponenten<\/strong><\/td>\n<td>Milchaufsch\u00e4umer, wiederverwendbarer Filter<\/td>\n<\/tr>\n<tr>\n<td><strong>Modellname<\/strong><\/td>\n<td>ECAM292.33.SB<\/td>\n<\/tr>\n<tr>\n<td><strong>Modellnummer<\/strong><\/td>\n<td>ECAM292.33.SB<\/td>\n<\/tr>\n<tr>\n<td><strong>Herstellungsjahr<\/strong><\/td>\n<td>2022<\/td>\n<\/tr>\n<tr>\n<td><strong>Hersteller<\/strong><\/td>\n<td>De&#8217;Longhi<\/td>\n<\/tr>\n<tr>\n<td><strong>Garantie f\u00fcr das Produkt<\/strong><\/td>\n<td>Keine warranty.<\/td>\n<\/tr>\n<tr>\n<td><strong>Teilenummer<\/strong><\/td>\n<td>ECAM292.33.SB<\/td>\n<\/tr>\n<tr>\n<td><strong>Artikeltypbezeichnung<\/strong><\/td>\n<td>Kaffeevollautomat<\/td>\n<\/tr>\n<tr>\n<td><strong>Amazon Bestseller-Rang<\/strong><\/td>\n<td><\/td>\n<\/tr>\n<tr>\n<td><strong>ASIN<\/strong><\/td>\n<td>B09CGSCBK5<\/td>\n<\/tr>\n<tr>\n<td><strong>Durchschnittliche Kundenbewertung<\/strong><\/td>\n<td><\/td>\n<\/tr>\n<tr>\n<td><strong>Farbe<\/strong><\/td>\n<td>Silber, 5 Getr\u00e4nke<\/td>\n<\/tr>\n<tr>\n<td><strong>Stil<\/strong><\/td>\n<td>5 Getr\u00e4nke, Silber<\/td>\n<\/tr>\n<tr>\n<td><strong>Verf\u00fcgbarkeitsdauer f\u00fcr EU-Ersatzteile<\/strong><\/td>\n<td>10 Jahre<\/td>\n<\/tr>\n<\/tbody>\n<\/table>\n<\/ul>","protected":false},"excerpt":{"rendered":"<p>Product Overview Marke: De&#8217;Longhi Kapazit\u00e4t: 1,8 Liter Farbe: Silber, 5 Getr\u00e4nke Produktabmessungen: 36T x 24B x 44H cm Besonderes Merkmal:<\/p>","protected":false},"featured_media":31855,"comment_status":"open","ping_status":"closed","template":"","meta":[],"product_brand":[],"product_cat":[26],"product_tag":[],"class_list":{"0":"post-31726","1":"product","2":"type-product","3":"status-publish","4":"has-post-thumbnail","6":"product_cat-bestseller","8":"first","9":"instock","10":"sale","11":"shipping-taxable","12":"purchasable","13":"product-type-variable"},"jetpack_sharing_enabled":true,"_links":{"self":[{"href":"https:\/\/prismirror.shop\/en\/wp-json\/wp\/v2\/product\/31726","targetHints":{"allow":["GET"]}}],"collection":[{"href":"https:\/\/prismirror.shop\/en\/wp-json\/wp\/v2\/product"}],"about":[{"href":"https:\/\/prismirror.shop\/en\/wp-json\/wp\/v2\/types\/product"}],"replies":[{"embeddable":true,"href":"https:\/\/prismirror.shop\/en\/wp-json\/wp\/v2\/comments?post=31726"}],"version-history":[{"count":1,"href":"https:\/\/prismirror.shop\/en\/wp-json\/wp\/v2\/product\/31726\/revisions"}],"predecessor-version":[{"id":31810,"href":"https:\/\/prismirror.shop\/en\/wp-json\/wp\/v2\/product\/31726\/revisions\/31810"}],"wp:featuredmedia":[{"embeddable":true,"href":"https:\/\/prismirror.shop\/en\/wp-json\/wp\/v2\/media\/31855"}],"wp:attachment":[{"href":"https:\/\/prismirror.shop\/en\/wp-json\/wp\/v2\/media?parent=31726"}],"wp:term":[{"taxonomy":"product_brand","embeddable":true,"href":"https:\/\/prismirror.shop\/en\/wp-json\/wp\/v2\/product_brand?post=31726"},{"taxonomy":"product_cat","embeddable":true,"href":"https:\/\/prismirror.shop\/en\/wp-json\/wp\/v2\/product_cat?post=31726"},{"taxonomy":"product_tag","embeddable":true,"href":"https:\/\/prismirror.shop\/en\/wp-json\/wp\/v2\/product_tag?post=31726"}],"curies":[{"name":"wp","href":"https:\/\/api.w.org\/{rel}","templated":true}]}}