{"id":31738,"date":"2026-05-11T12:10:53","date_gmt":"2026-05-11T12:10:53","guid":{"rendered":"https:\/\/prismirror.shop\/product\/de-longhi-magnifica-evo-next-perfetto-kaffeevollautomat-mit-lattecrema-milchaufschaumer-13-one-touch-getranke-coffee-und-cappuccino-kaffeemaschine-farbiges-touch-display-titan-ecam312-80-sb\/"},"modified":"2026-05-11T12:14:53","modified_gmt":"2026-05-11T12:14:53","slug":"de-longhi-magnifica-evo-next-perfetto-kaffeevollautomat-mit-lattecrema-milchaufschaumer-13-one-touch-getranke-coffee-und-cappuccino-kaffeemaschine-farbiges-touch-display-titan-ecam312-80-sb","status":"publish","type":"product","link":"https:\/\/prismirror.shop\/en\/product\/de-longhi-magnifica-evo-next-perfetto-kaffeevollautomat-mit-lattecrema-milchaufschaumer-13-one-touch-getranke-coffee-und-cappuccino-kaffeemaschine-farbiges-touch-display-titan-ecam312-80-sb\/","title":{"rendered":"De&#8217;Longhi Magnifica Evo Next ECAM312.80.SB Kaffeevollautomat 13 Getr\u00e4nke LatteCrema Touch Titan"},"content":{"rendered":"<p><strong>Product Overview<\/strong><\/p>\n<ul>\n<li>\n<strong>Marke:<\/strong> De&#8217;Longhi<\/li>\n<li>\n<strong>Farbe:<\/strong> Silber\/Schwarz<\/li>\n<li>\n<strong>Produktabmessungen:<\/strong> 44T x 24B x 36H cm<\/li>\n<li>\n<strong>Besonderes Merkmal:<\/strong> Automatische Reinigung, Integrierte Kaffeem\u00fchle, Milchaufsch\u00e4umer, Programmierbar<\/li>\n<li>\n<strong>Kaffeemaschinen-Typ:<\/strong> Espressomaschine<\/li>\n<\/ul>\n<p><strong>Product Features<\/strong><\/p>\n<ul>\n<li>ITALIENISCHES PREMIUM-DESIGN: Gefertigt aus hochwertigen Materialien und mit einer edlen, modernen \u00c4sthetik; entwickelt f\u00fcr echte Kaffeeliebhaber, die sowohl au\u00dfergew\u00f6hnliche Leistung als auch elegantes Design in ihrer K\u00fcche sch\u00e4tzen<\/li>\n<li>13 ONE-TOUCH-GETR\u00c4NKE, NACH IHREN W\u00dcNSCHEN: Genie\u00dfen Sie bis zu 13 One-Touch-Getr\u00e4nke, einschlie\u00dflich Rezepten mit Milch. Passen Sie Aroma, Gr\u00f6\u00dfe und Temperatur an, um jede Tasse perfekt f\u00fcr Sie und Ihre Freunde zu machen<\/li>\n<li>AUTOMATISCHE MILCHGETR\u00c4NKE MIT PERFEKTEM SCHAUM: Passen Sie Milchgetr\u00e4nke mit nur einem Knopfdruck an. Die LatteCrema Hot Technology liefert automatisch dichten, cremigen Milchschaum und vereint dabei Personalisierung und Barista-Qualit\u00e4t<\/li>\n<li>INTUITIVE BEDIENUNG AUF EINEN BLICK: Mit dem 2,4 Zoll Farb-Touchdisplay wird die Bedienung intuitiv und besonders unkompliziert. Speichern Sie die Lieblingseinstellungen jedes Familienmitglieds in bis zu drei individuellen Profilen<\/li>\n<li>FRISCH GEMAHLENE BOHNEN, IN JEDER TASSE: Die Kaffeebohnen werden frisch mit einem integrierten Mahlwerk (3 Einstellungen) gemahlen, das darauf ausgelegt ist, Aroma und Geschmack zu bewahren. Zubereitung auch mit Kaffeepulver f\u00fcr mehr Vielseitigkeit<\/li>\n<li>IT&#8217;S NOT JUST PERFECT. IT&#8217;S PERFETTO. Hochwertige Oberfl\u00e4chen, eine kratzfeste Abtropfschale und die automatische Reinigung des Milchbeh\u00e4lters sorgen f\u00fcr langanhaltende Sch\u00f6nheit, einfache Pflege und mehr Zeit, jede perfekte Tasse zu genie\u00dfen.<\/li>\n<\/ul>\n<p><strong>Product Information<\/strong><\/p>\n<ul>\n<table style=\"margin-bottom:20px\">\n<tbody>\n<tr>\n<td><strong>Besondere Eigenschaften<\/strong><\/td>\n<td>Automatische Reinigung, Integrierte Kaffeem\u00fchle, Milchaufsch\u00e4umer, Programmierbar<\/td>\n<\/tr>\n<tr>\n<td><strong>Kaffeemaschinentyp<\/strong><\/td>\n<td>Espressomaschine<\/td>\n<\/tr>\n<tr>\n<td><strong>Bestimmte Nutzungsm\u00f6gl. des Produkts<\/strong><\/td>\n<td>Cappuccino, Espresso, Latte Macchiato<\/td>\n<\/tr>\n<tr>\n<td><strong>Betriebsmodus<\/strong><\/td>\n<td>Vollautomatisch<\/td>\n<\/tr>\n<tr>\n<td><strong>Wattzahl<\/strong><\/td>\n<td>1450 Watt<\/td>\n<\/tr>\n<tr>\n<td><strong>Spannung<\/strong><\/td>\n<td>240 Volt<\/td>\n<\/tr>\n<tr>\n<td><strong>Geeigneter Kaffeeetyp<\/strong><\/td>\n<td>COFFEE_BEANS<\/td>\n<\/tr>\n<tr>\n<td><strong>Energiequelle<\/strong><\/td>\n<td>AC<\/td>\n<\/tr>\n<tr>\n<td><strong>Artikel Abmessungen T x B x H<\/strong><\/td>\n<td>44T x 24B x 36H cm<\/td>\n<\/tr>\n<tr>\n<td><strong>Artikelgewicht<\/strong><\/td>\n<td>4 Kilogramm<\/td>\n<\/tr>\n<tr>\n<td><strong>Anzahl der Artikel<\/strong><\/td>\n<td>1<\/td>\n<\/tr>\n<tr>\n<td><strong>Anzahl von Einheiten<\/strong><\/td>\n<td>1.0 st\u00fcck<\/td>\n<\/tr>\n<tr>\n<td><strong>Kaffeefiltergr\u00f6\u00dfe<\/strong><\/td>\n<td>#4<\/td>\n<\/tr>\n<tr>\n<td><strong>Ist sp\u00fclmaschinenfest<\/strong><\/td>\n<td>Ja<\/td>\n<\/tr>\n<tr>\n<td><strong>Markenname<\/strong><\/td>\n<td>De&#8217;Longhi<\/td>\n<\/tr>\n<tr>\n<td><strong>Ursprungsland<\/strong><\/td>\n<td>Rum\u00e4nien<\/td>\n<\/tr>\n<tr>\n<td><strong>Enthaltene Komponenten<\/strong><\/td>\n<td>Milchaufsch\u00e4umer<\/td>\n<\/tr>\n<tr>\n<td><strong>Modellnummer<\/strong><\/td>\n<td>ECAM312.80.SB<\/td>\n<\/tr>\n<tr>\n<td><strong>Hersteller<\/strong><\/td>\n<td>De&#8217;Longhi<\/td>\n<\/tr>\n<tr>\n<td><strong>Teilenummer<\/strong><\/td>\n<td>ECAM312.80.SB<\/td>\n<\/tr>\n<tr>\n<td><strong>Artikeltypbezeichnung<\/strong><\/td>\n<td>De\u2019Longhi Magnifica Evo Next &#8211; Perfetto Kaffeevollautomat mit LatteCrema-Milchaufsch\u00e4umer, 13 One-Touch-Getr\u00e4nke, Coffee- und Cappuccino Kaffeemaschine, farbiges Touch-Display, Titan (ECAM312.80.SB)<\/td>\n<\/tr>\n<tr>\n<td><strong>Amazon Bestseller-Rang<\/strong><\/td>\n<td><\/td>\n<\/tr>\n<tr>\n<td><strong>ASIN<\/strong><\/td>\n<td>B0FRGPPLYR<\/td>\n<\/tr>\n<tr>\n<td><strong>Durchschnittliche Kundenbewertung<\/strong><\/td>\n<td><\/td>\n<\/tr>\n<tr>\n<td><strong>Farbe<\/strong><\/td>\n<td>Silber\/Schwarz<\/td>\n<\/tr>\n<tr>\n<td><strong>Stil<\/strong><\/td>\n<td>13 Getr\u00e4nke Silber<\/td>\n<\/tr>\n<\/tbody>\n<\/table>\n<\/ul>","protected":false},"excerpt":{"rendered":"<p>Product Overview Marke: De&#8217;Longhi Farbe: Silber\/Schwarz Produktabmessungen: 44T x 24B x 36H cm Besonderes Merkmal: Automatische Reinigung, Integrierte Kaffeem\u00fchle, Milchaufsch\u00e4umer,<\/p>","protected":false},"featured_media":31886,"comment_status":"open","ping_status":"closed","template":"","meta":[],"product_brand":[],"product_cat":[26],"product_tag":[],"class_list":{"0":"post-31738","1":"product","2":"type-product","3":"status-publish","4":"has-post-thumbnail","6":"product_cat-bestseller","8":"first","9":"instock","10":"sale","11":"shipping-taxable","12":"purchasable","13":"product-type-variable"},"jetpack_sharing_enabled":true,"_links":{"self":[{"href":"https:\/\/prismirror.shop\/en\/wp-json\/wp\/v2\/product\/31738","targetHints":{"allow":["GET"]}}],"collection":[{"href":"https:\/\/prismirror.shop\/en\/wp-json\/wp\/v2\/product"}],"about":[{"href":"https:\/\/prismirror.shop\/en\/wp-json\/wp\/v2\/types\/product"}],"replies":[{"embeddable":true,"href":"https:\/\/prismirror.shop\/en\/wp-json\/wp\/v2\/comments?post=31738"}],"version-history":[{"count":1,"href":"https:\/\/prismirror.shop\/en\/wp-json\/wp\/v2\/product\/31738\/revisions"}],"predecessor-version":[{"id":31808,"href":"https:\/\/prismirror.shop\/en\/wp-json\/wp\/v2\/product\/31738\/revisions\/31808"}],"wp:featuredmedia":[{"embeddable":true,"href":"https:\/\/prismirror.shop\/en\/wp-json\/wp\/v2\/media\/31886"}],"wp:attachment":[{"href":"https:\/\/prismirror.shop\/en\/wp-json\/wp\/v2\/media?parent=31738"}],"wp:term":[{"taxonomy":"product_brand","embeddable":true,"href":"https:\/\/prismirror.shop\/en\/wp-json\/wp\/v2\/product_brand?post=31738"},{"taxonomy":"product_cat","embeddable":true,"href":"https:\/\/prismirror.shop\/en\/wp-json\/wp\/v2\/product_cat?post=31738"},{"taxonomy":"product_tag","embeddable":true,"href":"https:\/\/prismirror.shop\/en\/wp-json\/wp\/v2\/product_tag?post=31738"}],"curies":[{"name":"wp","href":"https:\/\/api.w.org\/{rel}","templated":true}]}}