{"id":31742,"date":"2026-05-11T12:10:54","date_gmt":"2026-05-11T12:10:54","guid":{"rendered":"https:\/\/prismirror.shop\/product\/de-longhi-magnifica-s-perfetto-kaffeevollautomat-mit-klassischem-milchaufschaumer-espresso-und-cappuccino-kaffeemaschine-bedienfeld-mit-tasten-schwarz-ecam11-112-b\/"},"modified":"2026-05-11T12:14:53","modified_gmt":"2026-05-11T12:14:53","slug":"de-longhi-magnifica-s-perfetto-kaffeevollautomat-mit-klassischem-milchaufschaumer-espresso-und-cappuccino-kaffeemaschine-bedienfeld-mit-tasten-schwarz-ecam11-112-b","status":"publish","type":"product","link":"https:\/\/prismirror.shop\/en\/product\/de-longhi-magnifica-s-perfetto-kaffeevollautomat-mit-klassischem-milchaufschaumer-espresso-und-cappuccino-kaffeemaschine-bedienfeld-mit-tasten-schwarz-ecam11-112-b\/","title":{"rendered":"De&#8217;Longhi Magnifica S ECAM11.112.B Kaffeevollautomat Milchaufsch\u00e4umer Espresso Cappuccino Schwarz"},"content":{"rendered":"<p><strong>Product Overview<\/strong><\/p>\n<ul>\n<li>\n<strong>Marke:<\/strong> De&#8217;Longhi<\/li>\n<li>\n<strong>Kapazit\u00e4t:<\/strong> 9 Kilogramm<\/li>\n<li>\n<strong>Farbe:<\/strong> Schwarz<\/li>\n<li>\n<strong>Produktabmessungen:<\/strong> 43T x 23B x 34H cm<\/li>\n<li>\n<strong>Besonderes Merkmal:<\/strong> Milchaufsch\u00e4umer<\/li>\n<\/ul>\n<p><strong>Product Features<\/strong><\/p>\n<ul>\n<li>MAHLWERK: Jede Tasse Kaffee en Genuss, da die Maschine die Bohnen direkt vor dem Aufbr\u00fchen mahlt. Ausgestattet mit einem Bohnenbeh\u00e4lter und einem Fach vor vorgemahlenes Kaffeepulver<\/li>\n<li>EINFACHE BEDIENUNG: Dank 4 Direktwahltasten und einem Drehregler ist die Bedienung des Kaffeevollautomaten ein Kinderspiel. Zudem verf\u00fcgt der Kaffeevollautomat \u00fcber die 2-Tassen-Funktion f\u00fcr doppelten Espresso.<\/li>\n<li>BARISTA-STYLE: Die spezielle Aufsch\u00e4umd\u00fcse erm\u00f6glicht ein perfektes Milchschaum Ergebnis f\u00fcr einen cremigen Cappuccino oder Latte Macchiato<\/li>\n<li>LEICHTE REINIGUNG: Die kompakte Br\u00fchgruppe ist wartungsarm, l\u00e4sst sich vollst\u00e4ndig aus der Kaffeemaschine herausnehmen und erm\u00f6glicht so eine einfache Reinigung des Maschineninnenraums<\/li>\n<li>TEMPERATURKONTROLLE: Das De&#8217;Longhi Thermoblock System br\u00fcht deinen Kaffee mit der idealen Temperatur auf, indem es die f\u00fcr jedes Getr\u00e4nk erforderliche Wassermenge erhitzt<\/li>\n<\/ul>\n<p><strong>Product Information<\/strong><\/p>\n<ul>\n<table style=\"margin-bottom:20px\">\n<tbody>\n<tr>\n<td><strong>Besondere Eigenschaften<\/strong><\/td>\n<td>Milchaufsch\u00e4umer<\/td>\n<\/tr>\n<tr>\n<td><strong>Kaffeemaschinentyp<\/strong><\/td>\n<td>Espressomaschine<\/td>\n<\/tr>\n<tr>\n<td><strong>Bestimmte Nutzungsm\u00f6gl. des Produkts<\/strong><\/td>\n<td>Cappuccino, Espresso<\/td>\n<\/tr>\n<tr>\n<td><strong>Empfohlene Verw.bereiche f\u00fcr Produkt<\/strong><\/td>\n<td>Reisen<\/td>\n<\/tr>\n<tr>\n<td><strong>Betriebsmodus<\/strong><\/td>\n<td>Vollautomatisch<\/td>\n<\/tr>\n<tr>\n<td><strong>Wattzahl<\/strong><\/td>\n<td>1450 Watt<\/td>\n<\/tr>\n<tr>\n<td><strong>Spannung<\/strong><\/td>\n<td>240<\/td>\n<\/tr>\n<tr>\n<td><strong>Eingabe \u00fcber Benutzeroberfl\u00e4che<\/strong><\/td>\n<td>Tasten<\/td>\n<\/tr>\n<tr>\n<td><strong>Geeigneter Kaffeeetyp<\/strong><\/td>\n<td>Ground, Whole Bean<\/td>\n<\/tr>\n<tr>\n<td><strong>Smart-Home-Kompatibilit\u00e4t<\/strong><\/td>\n<td>Nicht Smart-Home-kompatibel<\/td>\n<\/tr>\n<tr>\n<td><strong>Energiequelle<\/strong><\/td>\n<td>Netzstrom<\/td>\n<\/tr>\n<tr>\n<td><strong>Filtertyp<\/strong><\/td>\n<td>Wiederverwendbar<\/td>\n<\/tr>\n<tr>\n<td><strong>Kapazit\u00e4t<\/strong><\/td>\n<td>9 Kilogramm<\/td>\n<\/tr>\n<tr>\n<td><strong>Artikel Abmessungen T x B x H<\/strong><\/td>\n<td>43T x 23B x 34H cm<\/td>\n<\/tr>\n<tr>\n<td><strong>Artikelgewicht<\/strong><\/td>\n<td>9 Kilogramm<\/td>\n<\/tr>\n<tr>\n<td><strong>Anzahl der Artikel<\/strong><\/td>\n<td>1<\/td>\n<\/tr>\n<tr>\n<td><strong>Anzahl von Einheiten<\/strong><\/td>\n<td>1.0 st\u00fcck<\/td>\n<\/tr>\n<tr>\n<td><strong>Markenname<\/strong><\/td>\n<td>De&#8217;Longhi<\/td>\n<\/tr>\n<tr>\n<td><strong>Ursprungsland<\/strong><\/td>\n<td>Rum\u00e4nien<\/td>\n<\/tr>\n<tr>\n<td><strong>Enthaltene Komponenten<\/strong><\/td>\n<td>Bohnenbeh\u00e4lter 250g, Etui f\u00fcr vorgemahlenen Kaffee, Milchd\u00fcse, Milchaufsch\u00e4umer manuell einstellbar<\/td>\n<\/tr>\n<tr>\n<td><strong>Modellname<\/strong><\/td>\n<td>Magnifica S<\/td>\n<\/tr>\n<tr>\n<td><strong>Modellnummer<\/strong><\/td>\n<td>ECAM11.112.B<\/td>\n<\/tr>\n<tr>\n<td><strong>Hersteller<\/strong><\/td>\n<td>De&#8217;Longhi<\/td>\n<\/tr>\n<tr>\n<td><strong>Teilenummer<\/strong><\/td>\n<td>ECAM11.112.B<\/td>\n<\/tr>\n<tr>\n<td><strong>Artikeltypbezeichnung<\/strong><\/td>\n<td>De&#8217;Longhi Magnifica S ECAM11.112.B, Kaffeevollautomat mit Milchaufsch\u00e4umd\u00fcse f\u00fcr Cappuccino, mit Espresso Direktwahltasten und Drehregler, 2-Tassen-Funktion, Schwarz<\/td>\n<\/tr>\n<tr>\n<td><strong>Amazon Bestseller-Rang<\/strong><\/td>\n<td><\/td>\n<\/tr>\n<tr>\n<td><strong>ASIN<\/strong><\/td>\n<td>B0BWSFGQ49<\/td>\n<\/tr>\n<tr>\n<td><strong>Durchschnittliche Kundenbewertung<\/strong><\/td>\n<td><\/td>\n<\/tr>\n<tr>\n<td><strong>Farbe<\/strong><\/td>\n<td>Schwarz<\/td>\n<\/tr>\n<tr>\n<td><strong>Stil<\/strong><\/td>\n<td>3 Getr\u00e4nke, Schwarz<\/td>\n<\/tr>\n<tr>\n<td><strong>Material<\/strong><\/td>\n<td>Metall<\/td>\n<\/tr>\n<tr>\n<td><strong>Au\u00dfenverkleidung<\/strong><\/td>\n<td>Schwarz gl\u00e4nzend<\/td>\n<\/tr>\n<tr>\n<td><strong>Ist sp\u00fclmaschinenfest<\/strong><\/td>\n<td>Ja<\/td>\n<\/tr>\n<\/tbody>\n<\/table>\n<\/ul>","protected":false},"excerpt":{"rendered":"<p>Product Overview Marke: De&#8217;Longhi Kapazit\u00e4t: 9 Kilogramm Farbe: Schwarz Produktabmessungen: 43T x 23B x 34H cm Besonderes Merkmal: Milchaufsch\u00e4umer Product<\/p>","protected":false},"featured_media":31899,"comment_status":"open","ping_status":"closed","template":"","meta":[],"product_brand":[],"product_cat":[26],"product_tag":[],"class_list":{"0":"post-31742","1":"product","2":"type-product","3":"status-publish","4":"has-post-thumbnail","6":"product_cat-bestseller","8":"first","9":"instock","10":"sale","11":"shipping-taxable","12":"purchasable","13":"product-type-variable"},"jetpack_sharing_enabled":true,"_links":{"self":[{"href":"https:\/\/prismirror.shop\/en\/wp-json\/wp\/v2\/product\/31742","targetHints":{"allow":["GET"]}}],"collection":[{"href":"https:\/\/prismirror.shop\/en\/wp-json\/wp\/v2\/product"}],"about":[{"href":"https:\/\/prismirror.shop\/en\/wp-json\/wp\/v2\/types\/product"}],"replies":[{"embeddable":true,"href":"https:\/\/prismirror.shop\/en\/wp-json\/wp\/v2\/comments?post=31742"}],"version-history":[{"count":1,"href":"https:\/\/prismirror.shop\/en\/wp-json\/wp\/v2\/product\/31742\/revisions"}],"predecessor-version":[{"id":31807,"href":"https:\/\/prismirror.shop\/en\/wp-json\/wp\/v2\/product\/31742\/revisions\/31807"}],"wp:featuredmedia":[{"embeddable":true,"href":"https:\/\/prismirror.shop\/en\/wp-json\/wp\/v2\/media\/31899"}],"wp:attachment":[{"href":"https:\/\/prismirror.shop\/en\/wp-json\/wp\/v2\/media?parent=31742"}],"wp:term":[{"taxonomy":"product_brand","embeddable":true,"href":"https:\/\/prismirror.shop\/en\/wp-json\/wp\/v2\/product_brand?post=31742"},{"taxonomy":"product_cat","embeddable":true,"href":"https:\/\/prismirror.shop\/en\/wp-json\/wp\/v2\/product_cat?post=31742"},{"taxonomy":"product_tag","embeddable":true,"href":"https:\/\/prismirror.shop\/en\/wp-json\/wp\/v2\/product_tag?post=31742"}],"curies":[{"name":"wp","href":"https:\/\/api.w.org\/{rel}","templated":true}]}}