{"id":31748,"date":"2026-05-11T12:10:54","date_gmt":"2026-05-11T12:10:54","guid":{"rendered":"https:\/\/prismirror.shop\/product\/de-longhi-magnifica-s-perfetto-kaffeevollautomat-mit-klassischem-milchaufschaumer-espresso-und-cappuccino-kaffeemaschine-bedienfeld-mit-tasten-schwarz-ecam22-110-b\/"},"modified":"2026-05-11T12:14:52","modified_gmt":"2026-05-11T12:14:52","slug":"de-longhi-magnifica-s-perfetto-kaffeevollautomat-mit-klassischem-milchaufschaumer-espresso-und-cappuccino-kaffeemaschine-bedienfeld-mit-tasten-schwarz-ecam22-110-b","status":"publish","type":"product","link":"https:\/\/prismirror.shop\/en\/product\/de-longhi-magnifica-s-perfetto-kaffeevollautomat-mit-klassischem-milchaufschaumer-espresso-und-cappuccino-kaffeemaschine-bedienfeld-mit-tasten-schwarz-ecam22-110-b\/","title":{"rendered":"De&#8217;Longhi Magnifica S ECAM22.110.B Kaffeevollautomat Milchaufsch\u00e4umer Espresso Cappuccino Schwarz"},"content":{"rendered":"<p><strong>Product Overview<\/strong><\/p>\n<ul>\n<li>\n<strong>Marke:<\/strong> De&#8217;Longhi<\/li>\n<li>\n<strong>Kapazit\u00e4t:<\/strong> 1,8 Liter<\/li>\n<li>\n<strong>Farbe:<\/strong> Schwarz Silber, 3 Getr\u00e4nke<\/li>\n<li>\n<strong>Produktabmessungen:<\/strong> 43T x 23B x 34H cm<\/li>\n<li>\n<strong>Besonderes Merkmal:<\/strong> Genie\u00dferprofile, Hei\u00dfwasserfunktion, H\u00f6henverstellbarer Auslauf, One Touch, leises Mahlwerk<\/li>\n<\/ul>\n<p><strong>Product Features<\/strong><\/p>\n<ul>\n<li>EINFACHE BEDIENUNG: Die De&#8217;Longhi Kaffeemaschine verf\u00fcgt \u00fcber Direktwahltasten sowie einen praktischen Drehregler, \u00fcber den Sie die Kaffeest\u00e4rke und Menge einstellen k\u00f6nnen<\/li>\n<li>HOCHWERTIGES MAHLWERK: Das 13-stufige Kegelmahlwerk kann individuell eingestellt werden, es passen 250 g Kaffeebohnen in den Beh\u00e4lter \u2013 der Vollautomat eignet auch f\u00fcr die Nutzung mit Kaffeepulver<\/li>\n<li>LEICHTE REINIGUNG: Die kompakte Br\u00fchgruppe ist wartungsarm, l\u00e4sst sich vollst\u00e4ndig aus der Kaffeemaschine herausnehmen und erm\u00f6glicht so eine einfache Reinigung des Maschineninnenraums<\/li>\n<li>BARISTA-STYLE: Die spezielle Aufsch\u00e4umd\u00fcse erm\u00f6glicht ein perfektes Milchschaum Ergebnis f\u00fcr einen cremigen Cappuccino oder Latte Macchiato<\/li>\n<li>INDIVIDUELL: Speichern Sie Ihre pers\u00f6nlichen Vorlieben von Aroma, Kaffee- und Milchmenge f\u00fcr alle Getr\u00e4nke<\/li>\n<\/ul>\n<p><strong>Product Information<\/strong><\/p>\n<ul>\n<table style=\"margin-bottom:20px\">\n<tbody>\n<tr>\n<td><strong>Besondere Eigenschaften<\/strong><\/td>\n<td>Genie\u00dferprofile, Hei\u00dfwasserfunktion, H\u00f6henverstellbarer Auslauf, One Touch, leises Mahlwerk<\/td>\n<\/tr>\n<tr>\n<td><strong>Kaffeemaschinentyp<\/strong><\/td>\n<td>Espressomaschine<\/td>\n<\/tr>\n<tr>\n<td><strong>Bestimmte Nutzungsm\u00f6gl. des Produkts<\/strong><\/td>\n<td>cup_warmer, milk_frother<\/td>\n<\/tr>\n<tr>\n<td><strong>Empfohlene Verw.bereiche f\u00fcr Produkt<\/strong><\/td>\n<td>Espresso, Cappuccino, Latte<\/td>\n<\/tr>\n<tr>\n<td><strong>Betriebsmodus<\/strong><\/td>\n<td>Vollautomatisch<\/td>\n<\/tr>\n<tr>\n<td><strong>Wattzahl<\/strong><\/td>\n<td>1250 Watt<\/td>\n<\/tr>\n<tr>\n<td><strong>Spannung<\/strong><\/td>\n<td>120<\/td>\n<\/tr>\n<tr>\n<td><strong>Eingabe \u00fcber Benutzeroberfl\u00e4che<\/strong><\/td>\n<td>Tasten<\/td>\n<\/tr>\n<tr>\n<td><strong>Anzeigetyp<\/strong><\/td>\n<td>2.5<\/td>\n<\/tr>\n<tr>\n<td><strong>Geeigneter Kaffeeetyp<\/strong><\/td>\n<td>Bohnen<\/td>\n<\/tr>\n<tr>\n<td><strong>Smart-Home-Kompatibilit\u00e4t<\/strong><\/td>\n<td>Nicht Smart-Home-kompatibel<\/td>\n<\/tr>\n<tr>\n<td><strong>Energiequelle<\/strong><\/td>\n<td>AC-Adapter<\/td>\n<\/tr>\n<tr>\n<td><strong>Filtertyp<\/strong><\/td>\n<td>Wiederverwendbar<\/td>\n<\/tr>\n<tr>\n<td><strong>Kapazit\u00e4t<\/strong><\/td>\n<td>1,8 Liter<\/td>\n<\/tr>\n<tr>\n<td><strong>Artikel Abmessungen T x B x H<\/strong><\/td>\n<td>43T x 23B x 34H cm<\/td>\n<\/tr>\n<tr>\n<td><strong>Artikelgewicht<\/strong><\/td>\n<td>19,84 Pfund<\/td>\n<\/tr>\n<tr>\n<td><strong>Anzahl der Artikel<\/strong><\/td>\n<td>1<\/td>\n<\/tr>\n<tr>\n<td><strong>Anzahl von Einheiten<\/strong><\/td>\n<td>1.0 st\u00fcck<\/td>\n<\/tr>\n<tr>\n<td><strong>Kaffeefiltergr\u00f6\u00dfe<\/strong><\/td>\n<td>#4<\/td>\n<\/tr>\n<tr>\n<td><strong>Markenname<\/strong><\/td>\n<td>De&#8217;Longhi<\/td>\n<\/tr>\n<tr>\n<td><strong>Ursprungsland<\/strong><\/td>\n<td>China<\/td>\n<\/tr>\n<tr>\n<td><strong>Enthaltene Komponenten<\/strong><\/td>\n<td>De&#8217;Longhi Magnifica S ECAM 22.110.B Kaffeevollautomat mit Milchaufsch\u00e4umd\u00fcse, schwarz\/silber<\/td>\n<\/tr>\n<tr>\n<td><strong>Modellname<\/strong><\/td>\n<td>Magnifica S<\/td>\n<\/tr>\n<tr>\n<td><strong>Modellnummer<\/strong><\/td>\n<td>ECAM22.110.B<\/td>\n<\/tr>\n<tr>\n<td><strong>Verpackung<\/strong><\/td>\n<td>Standardverpackung<\/td>\n<\/tr>\n<tr>\n<td><strong>Hersteller<\/strong><\/td>\n<td>DeLonghi<\/td>\n<\/tr>\n<tr>\n<td><strong>Garantie f\u00fcr das Produkt<\/strong><\/td>\n<td>-.<\/td>\n<\/tr>\n<tr>\n<td><strong>Nummer des Artikelteils<\/strong><\/td>\n<td>ECAM22140B<\/td>\n<\/tr>\n<tr>\n<td><strong>Teilenummer<\/strong><\/td>\n<td>ECAM22.110.B<\/td>\n<\/tr>\n<tr>\n<td><strong>Artikeltypbezeichnung<\/strong><\/td>\n<td>Kaffeevollautomat<\/td>\n<\/tr>\n<tr>\n<td><strong>Amazon Bestseller-Rang<\/strong><\/td>\n<td><\/td>\n<\/tr>\n<tr>\n<td><strong>ASIN<\/strong><\/td>\n<td>B00400OMU0<\/td>\n<\/tr>\n<tr>\n<td><strong>Durchschnittliche Kundenbewertung<\/strong><\/td>\n<td><\/td>\n<\/tr>\n<tr>\n<td><strong>Farbe<\/strong><\/td>\n<td>Schwarz Silber, 3 Getr\u00e4nke<\/td>\n<\/tr>\n<tr>\n<td><strong>Stil<\/strong><\/td>\n<td>3 Getr\u00e4nke, Schwarz Silber<\/td>\n<\/tr>\n<tr>\n<td><strong>Material<\/strong><\/td>\n<td>Edelstahl<\/td>\n<\/tr>\n<tr>\n<td><strong>Au\u00dfenverkleidung<\/strong><\/td>\n<td>Chrom<\/td>\n<\/tr>\n<tr>\n<td><strong>Ist sp\u00fclmaschinenfest<\/strong><\/td>\n<td>Nein<\/td>\n<\/tr>\n<\/tbody>\n<\/table>\n<\/ul>","protected":false},"excerpt":{"rendered":"<p>Product Overview Marke: De&#8217;Longhi Kapazit\u00e4t: 1,8 Liter Farbe: Schwarz Silber, 3 Getr\u00e4nke Produktabmessungen: 43T x 23B x 34H cm Besonderes<\/p>","protected":false},"featured_media":31910,"comment_status":"open","ping_status":"closed","template":"","meta":[],"product_brand":[],"product_cat":[26],"product_tag":[],"class_list":{"0":"post-31748","1":"product","2":"type-product","3":"status-publish","4":"has-post-thumbnail","6":"product_cat-bestseller","8":"first","9":"instock","10":"sale","11":"shipping-taxable","12":"purchasable","13":"product-type-variable"},"jetpack_sharing_enabled":true,"_links":{"self":[{"href":"https:\/\/prismirror.shop\/en\/wp-json\/wp\/v2\/product\/31748","targetHints":{"allow":["GET"]}}],"collection":[{"href":"https:\/\/prismirror.shop\/en\/wp-json\/wp\/v2\/product"}],"about":[{"href":"https:\/\/prismirror.shop\/en\/wp-json\/wp\/v2\/types\/product"}],"replies":[{"embeddable":true,"href":"https:\/\/prismirror.shop\/en\/wp-json\/wp\/v2\/comments?post=31748"}],"version-history":[{"count":1,"href":"https:\/\/prismirror.shop\/en\/wp-json\/wp\/v2\/product\/31748\/revisions"}],"predecessor-version":[{"id":31806,"href":"https:\/\/prismirror.shop\/en\/wp-json\/wp\/v2\/product\/31748\/revisions\/31806"}],"wp:featuredmedia":[{"embeddable":true,"href":"https:\/\/prismirror.shop\/en\/wp-json\/wp\/v2\/media\/31910"}],"wp:attachment":[{"href":"https:\/\/prismirror.shop\/en\/wp-json\/wp\/v2\/media?parent=31748"}],"wp:term":[{"taxonomy":"product_brand","embeddable":true,"href":"https:\/\/prismirror.shop\/en\/wp-json\/wp\/v2\/product_brand?post=31748"},{"taxonomy":"product_cat","embeddable":true,"href":"https:\/\/prismirror.shop\/en\/wp-json\/wp\/v2\/product_cat?post=31748"},{"taxonomy":"product_tag","embeddable":true,"href":"https:\/\/prismirror.shop\/en\/wp-json\/wp\/v2\/product_tag?post=31748"}],"curies":[{"name":"wp","href":"https:\/\/api.w.org\/{rel}","templated":true}]}}