{"id":31753,"date":"2026-05-11T12:10:55","date_gmt":"2026-05-11T12:10:55","guid":{"rendered":"https:\/\/prismirror.shop\/product\/krups-arabica-picto-kaffeevollautomat-kompaktes-design-einfache-bedienung-intuitiv-einstellbarer-drehregler-milchschaumduse-2-tassen-funktion-kaffeemaschine-schwarz-ea810870\/"},"modified":"2026-05-11T12:14:52","modified_gmt":"2026-05-11T12:14:52","slug":"krups-arabica-picto-kaffeevollautomat-kompaktes-design-einfache-bedienung-intuitiv-einstellbarer-drehregler-milchschaumduse-2-tassen-funktion-kaffeemaschine-schwarz-ea810870","status":"publish","type":"product","link":"https:\/\/prismirror.shop\/en\/product\/krups-arabica-picto-kaffeevollautomat-kompaktes-design-einfache-bedienung-intuitiv-einstellbarer-drehregler-milchschaumduse-2-tassen-funktion-kaffeemaschine-schwarz-ea810870\/","title":{"rendered":"Krups Arabica Picto EA810870 Kaffeevollautomat Milchschaumd\u00fcse 2-Tassen Drehregler Kompakt Schwarz"},"content":{"rendered":"<p><strong>Product Overview<\/strong><\/p>\n<ul>\n<li>\n<strong>Marke:<\/strong> KRUPS<\/li>\n<li>\n<strong>Kapazit\u00e4t:<\/strong> 1,8 Liter<\/li>\n<li>\n<strong>Farbe:<\/strong> Schwarz<\/li>\n<li>\n<strong>Produktabmessungen:<\/strong> 26T x 36,5B x 32H cm<\/li>\n<li>\n<strong>Besonderes Merkmal:<\/strong> Hei\u00dfwasserfunktion, H\u00f6henverstellbarer Auslauf, Programmierbar<\/li>\n<\/ul>\n<p><strong>Product Features<\/strong><\/p>\n<ul>\n<li>Kaffeevielfalt auf Knopfdruck: Kompakter Vollautomat f\u00fcr Espresso und Kaffeespezialit\u00e4ten mit hochwertigen Ausstattungsmerkmalen<\/li>\n<li>Sofort hei\u00dfer Genuss: Patentiertes Compact Thermoblock System (CTS) f\u00fcr schnelles Aufheizen und hei\u00dfen Kaffee ab der ersten Tasse<\/li>\n<li>Platzsparend ohne Kompromisse: Kompaktes Design mit vollem Bedien- und Geschmackskomfort; inkl. 1,7-l-Wassertank und 260-g-Bohnenbeh\u00e4lter<\/li>\n<li>Individuell anpassbarer Kaffeegenuss: Benutzerfreundliches Bedienfeld mit Drehregler f\u00fcr frei einstellbare Kaffeemengen von 20 ml bis 220 ml, 3 Temperaturstufen und 3 Mahlgrade<\/li>\n<li>Optimale Ergebnisse &#8211; Tasse f\u00fcr Tasse: H\u00f6henverstellbarer Kaffeeauslauf, CappuccinoPlus-Milchd\u00fcse f\u00fcr direkten Milchschaum in der Tasse in Barista Qualit\u00e4t, sowie Edelstahl-Kegelmahlwerk f\u00fcr gleichm\u00e4\u00dfige Mahlung<\/li>\n<li>Weniger Aufwand, mehr Genuss: Einzigartige Metall-Br\u00fchgruppe f\u00fcr langlebige Leistung und intelligente Reinigung ganz ohne manuelle S\u00e4uberung<\/li>\n<\/ul>\n<p><strong>Product Information<\/strong><\/p>\n<ul>\n<table style=\"margin-bottom:20px\">\n<tbody>\n<tr>\n<td><strong>Besondere Eigenschaften<\/strong><\/td>\n<td>Hei\u00dfwasserfunktion, H\u00f6henverstellbarer Auslauf, Programmierbar<\/td>\n<\/tr>\n<tr>\n<td><strong>Kaffeemaschinentyp<\/strong><\/td>\n<td>Espressomaschine<\/td>\n<\/tr>\n<tr>\n<td><strong>Bestimmte Nutzungsm\u00f6gl. des Produkts<\/strong><\/td>\n<td>cup_warmer, integrated_coffee_grinder, milk_frother, programmierbar, water_filter<\/td>\n<\/tr>\n<tr>\n<td><strong>Empfohlene Verw.bereiche f\u00fcr Produkt<\/strong><\/td>\n<td>Reisen<\/td>\n<\/tr>\n<tr>\n<td><strong>Betriebsmodus<\/strong><\/td>\n<td>Vollautomatisch<\/td>\n<\/tr>\n<tr>\n<td><strong>Wattzahl<\/strong><\/td>\n<td>1450 Watt<\/td>\n<\/tr>\n<tr>\n<td><strong>Spannung<\/strong><\/td>\n<td>230 Volt<\/td>\n<\/tr>\n<tr>\n<td><strong>Eingabe \u00fcber Benutzeroberfl\u00e4che<\/strong><\/td>\n<td>Maus, Tasten<\/td>\n<\/tr>\n<tr>\n<td><strong>Geeigneter Kaffeeetyp<\/strong><\/td>\n<td>coffee_beans<\/td>\n<\/tr>\n<tr>\n<td><strong>Energiequelle<\/strong><\/td>\n<td>Netzstrom<\/td>\n<\/tr>\n<tr>\n<td><strong>Filtertyp<\/strong><\/td>\n<td>Papier<\/td>\n<\/tr>\n<tr>\n<td><strong>Kapazit\u00e4t<\/strong><\/td>\n<td>1,8 Liter<\/td>\n<\/tr>\n<tr>\n<td><strong>Artikel Abmessungen T x B x H<\/strong><\/td>\n<td>26T x 36,5B x 32H cm<\/td>\n<\/tr>\n<tr>\n<td><strong>Artikelgewicht<\/strong><\/td>\n<td>7 Kilogramm<\/td>\n<\/tr>\n<tr>\n<td><strong>Anzahl der Artikel<\/strong><\/td>\n<td>1<\/td>\n<\/tr>\n<tr>\n<td><strong>Anzahl von Einheiten<\/strong><\/td>\n<td>1.0 st\u00fcck<\/td>\n<\/tr>\n<tr>\n<td><strong>Kaffeefiltergr\u00f6\u00dfe<\/strong><\/td>\n<td>#4<\/td>\n<\/tr>\n<tr>\n<td><strong>Material<\/strong><\/td>\n<td>Kunststoff<\/td>\n<\/tr>\n<tr>\n<td><strong>Au\u00dfenverkleidung<\/strong><\/td>\n<td>Schwarz<\/td>\n<\/tr>\n<tr>\n<td><strong>Ist sp\u00fclmaschinenfest<\/strong><\/td>\n<td>Nein<\/td>\n<\/tr>\n<tr>\n<td><strong>Markenname<\/strong><\/td>\n<td>KRUPS<\/td>\n<\/tr>\n<tr>\n<td><strong>Ursprungsland<\/strong><\/td>\n<td>China<\/td>\n<\/tr>\n<tr>\n<td><strong>Enthaltene Komponenten<\/strong><\/td>\n<td>Krups<\/td>\n<\/tr>\n<tr>\n<td><strong>Modellname<\/strong><\/td>\n<td>Arabica Picto EA8108<\/td>\n<\/tr>\n<tr>\n<td><strong>Modellnummer<\/strong><\/td>\n<td>EA8108<\/td>\n<\/tr>\n<tr>\n<td><strong>Verpackung<\/strong><\/td>\n<td>Standardverpackung<\/td>\n<\/tr>\n<tr>\n<td><strong>Herstellungsjahr<\/strong><\/td>\n<td>2023<\/td>\n<\/tr>\n<tr>\n<td><strong>Global Trade Identification Number<\/strong><\/td>\n<td>00010942215714<\/td>\n<\/tr>\n<tr>\n<td><strong>Hersteller<\/strong><\/td>\n<td>Krups<\/td>\n<\/tr>\n<tr>\n<td><strong>Garantie f\u00fcr das Produkt<\/strong><\/td>\n<td>2 jahre herstellergarantie.<\/td>\n<\/tr>\n<tr>\n<td><strong>UPC<\/strong><\/td>\n<td>010942215714<\/td>\n<\/tr>\n<tr>\n<td><strong>Teilenummer<\/strong><\/td>\n<td>EA8108<\/td>\n<\/tr>\n<tr>\n<td><strong>Artikeltypbezeichnung<\/strong><\/td>\n<td>Kaffeevollautomat<\/td>\n<\/tr>\n<tr>\n<td><strong>Amazon Bestseller-Rang<\/strong><\/td>\n<td><\/td>\n<\/tr>\n<tr>\n<td><strong>ASIN<\/strong><\/td>\n<td>B00INSX904<\/td>\n<\/tr>\n<tr>\n<td><strong>Durchschnittliche Kundenbewertung<\/strong><\/td>\n<td><\/td>\n<\/tr>\n<tr>\n<td><strong>Farbe<\/strong><\/td>\n<td>Schwarz<\/td>\n<\/tr>\n<tr>\n<td><strong>Stil<\/strong><\/td>\n<td>Alte Version | Arabica Picto<\/td>\n<\/tr>\n<\/tbody>\n<\/table>\n<\/ul>","protected":false},"excerpt":{"rendered":"<p>Product Overview Marke: KRUPS Kapazit\u00e4t: 1,8 Liter Farbe: Schwarz Produktabmessungen: 26T x 36,5B x 32H cm Besonderes Merkmal: Hei\u00dfwasserfunktion, H\u00f6henverstellbarer<\/p>","protected":false},"featured_media":31923,"comment_status":"open","ping_status":"closed","template":"","meta":[],"product_brand":[],"product_cat":[26],"product_tag":[],"class_list":{"0":"post-31753","1":"product","2":"type-product","3":"status-publish","4":"has-post-thumbnail","6":"product_cat-bestseller","8":"first","9":"instock","10":"sale","11":"shipping-taxable","12":"purchasable","13":"product-type-variable"},"jetpack_sharing_enabled":true,"_links":{"self":[{"href":"https:\/\/prismirror.shop\/en\/wp-json\/wp\/v2\/product\/31753","targetHints":{"allow":["GET"]}}],"collection":[{"href":"https:\/\/prismirror.shop\/en\/wp-json\/wp\/v2\/product"}],"about":[{"href":"https:\/\/prismirror.shop\/en\/wp-json\/wp\/v2\/types\/product"}],"replies":[{"embeddable":true,"href":"https:\/\/prismirror.shop\/en\/wp-json\/wp\/v2\/comments?post=31753"}],"version-history":[{"count":1,"href":"https:\/\/prismirror.shop\/en\/wp-json\/wp\/v2\/product\/31753\/revisions"}],"predecessor-version":[{"id":31805,"href":"https:\/\/prismirror.shop\/en\/wp-json\/wp\/v2\/product\/31753\/revisions\/31805"}],"wp:featuredmedia":[{"embeddable":true,"href":"https:\/\/prismirror.shop\/en\/wp-json\/wp\/v2\/media\/31923"}],"wp:attachment":[{"href":"https:\/\/prismirror.shop\/en\/wp-json\/wp\/v2\/media?parent=31753"}],"wp:term":[{"taxonomy":"product_brand","embeddable":true,"href":"https:\/\/prismirror.shop\/en\/wp-json\/wp\/v2\/product_brand?post=31753"},{"taxonomy":"product_cat","embeddable":true,"href":"https:\/\/prismirror.shop\/en\/wp-json\/wp\/v2\/product_cat?post=31753"},{"taxonomy":"product_tag","embeddable":true,"href":"https:\/\/prismirror.shop\/en\/wp-json\/wp\/v2\/product_tag?post=31753"}],"curies":[{"name":"wp","href":"https:\/\/api.w.org\/{rel}","templated":true}]}}