{"id":31762,"date":"2026-05-11T12:10:56","date_gmt":"2026-05-11T12:10:56","guid":{"rendered":"https:\/\/prismirror.shop\/product\/krups-evidence-one-kaffeevollautomat-mit-milchschlauch-one-touch-cappuccino-12-getrankespezialitaten-2-tassen-funktion-farbdisplay-kaffeemaschine-tuv-siegel-schwarz-ea895n10\/"},"modified":"2026-05-11T12:14:52","modified_gmt":"2026-05-11T12:14:52","slug":"krups-evidence-one-kaffeevollautomat-mit-milchschlauch-one-touch-cappuccino-12-getrankespezialitaten-2-tassen-funktion-farbdisplay-kaffeemaschine-tuv-siegel-schwarz-ea895n10","status":"publish","type":"product","link":"https:\/\/prismirror.shop\/en\/product\/krups-evidence-one-kaffeevollautomat-mit-milchschlauch-one-touch-cappuccino-12-getrankespezialitaten-2-tassen-funktion-farbdisplay-kaffeemaschine-tuv-siegel-schwarz-ea895n10\/","title":{"rendered":"Krups Evidence One EA895N10 Kaffeevollautomat 12 Getr\u00e4nke One-Touch-Cappuccino 2-Tassen Farbdisplay Schwarz"},"content":{"rendered":"<p><strong>Product Overview<\/strong><\/p>\n<ul>\n<li>\n<strong>Marke:<\/strong> KRUPS<\/li>\n<li>\n<strong>Kapazit\u00e4t:<\/strong> 2,3 Liter<\/li>\n<li>\n<strong>Farbe:<\/strong> Meteor Graphit<\/li>\n<li>\n<strong>Produktabmessungen:<\/strong> 24,3T x 36,5B x 36,5H cm<\/li>\n<li>\n<strong>Besonderes Merkmal:<\/strong> Milchaufsch\u00e4umer<\/li>\n<\/ul>\n<p><strong>Product Features<\/strong><\/p>\n<ul>\n<li>optimaler Geschmack: Genie\u00dfen Sie einzigartige Kaffeegetr\u00e4nke, wie Ristretto, Doppio, Espresso, Long Coffee, Americano, Cappuccino, Latte Macchiato, Caff\u00e8 Latte sowie drei Hei\u00dfwassertemperaturen f\u00fcr Teezubereitungen<\/li>\n<li>T\u00dcV Hygienezertifikat: Das unabh\u00e4ngige internationale Laboratorium T\u00dcV Rheinland hat die mikrobiologische Unbedenklichkeit dieses Kaffeevollautomaten bescheinigt, die automatische Reinigung der Br\u00fchgruppe ist einwandfrei<\/li>\n<li>Einfache Bedienung in kompaktem Design: Direkte Getr\u00e4nkeauswahl per Fingertipp auf dem Backlight Bedienfeld mit farbigen Symbolen f\u00fcr ein m\u00fcheloses Kaffeeerlebnis und platzsparendes Design, das sich optimal in jede K\u00fcche einf\u00fcgt<\/li>\n<li>Samtig-cremiger Schaum: Bereiten Sie mit dem Latte+ System samtig-cremigen Milchschaum zu<\/li>\n<li>Memo-Funktion: Passen Sie Menge und St\u00e4rke an und speichern Sie bis zu 2 Favoriten f\u00fcr einen schnellen und individuellen Start<\/li>\n<li>Vollautomatische Reinigung: Dank des geschlossenen Br\u00fchsystems erfolgt die Reinigung m\u00fchelos mit einem Reinigungstab \u2013 ganz ohne Gefahr der Fehlbedienung<\/li>\n<li>Keine Br\u00fchgruppe aus Plastik: Metallbr\u00fchgruppe f\u00fcr lange Lebensdauer, optimale W\u00e4rmeleitung und vollautomatische Reinigung ohne Aufwand<\/li>\n<\/ul>\n<p><strong>Product Information<\/strong><\/p>\n<ul>\n<table style=\"margin-bottom:20px\">\n<tbody>\n<tr>\n<td><strong>Besondere Eigenschaften<\/strong><\/td>\n<td>Milchaufsch\u00e4umer<\/td>\n<\/tr>\n<tr>\n<td><strong>Kaffeemaschinentyp<\/strong><\/td>\n<td>Espressomaschine<\/td>\n<\/tr>\n<tr>\n<td><strong>Bestimmte Nutzungsm\u00f6gl. des Produkts<\/strong><\/td>\n<td>cup_warmer, integrated_coffee_grinder, milk_frother, programmierbar, water_filter<\/td>\n<\/tr>\n<tr>\n<td><strong>Empfohlene Verw.bereiche f\u00fcr Produkt<\/strong><\/td>\n<td>Reisen<\/td>\n<\/tr>\n<tr>\n<td><strong>Betriebsmodus<\/strong><\/td>\n<td>Fully Automatic<\/td>\n<\/tr>\n<tr>\n<td><strong>Wattzahl<\/strong><\/td>\n<td>1450 Watt<\/td>\n<\/tr>\n<tr>\n<td><strong>Spannung<\/strong><\/td>\n<td>230 Volt<\/td>\n<\/tr>\n<tr>\n<td><strong>Eingabe \u00fcber Benutzeroberfl\u00e4che<\/strong><\/td>\n<td>Touchscreen<\/td>\n<\/tr>\n<tr>\n<td><strong>Geeigneter Kaffeeetyp<\/strong><\/td>\n<td>Kaffeebohnen oder gemahlenes Kaffee<\/td>\n<\/tr>\n<tr>\n<td><strong>Energiequelle<\/strong><\/td>\n<td>Netzstrom<\/td>\n<\/tr>\n<tr>\n<td><strong>Filtertyp<\/strong><\/td>\n<td>Wiederverwendbar<\/td>\n<\/tr>\n<tr>\n<td><strong>Kapazit\u00e4t<\/strong><\/td>\n<td>2,3 Liter<\/td>\n<\/tr>\n<tr>\n<td><strong>Artikel Abmessungen T x B x H<\/strong><\/td>\n<td>24,3T x 36,5B x 36,5H cm<\/td>\n<\/tr>\n<tr>\n<td><strong>Artikelgewicht<\/strong><\/td>\n<td>8,4 Kilogramm<\/td>\n<\/tr>\n<tr>\n<td><strong>Anzahl der Artikel<\/strong><\/td>\n<td>1<\/td>\n<\/tr>\n<tr>\n<td><strong>Anzahl von Einheiten<\/strong><\/td>\n<td>1.0 st\u00fcck<\/td>\n<\/tr>\n<tr>\n<td><strong>Material<\/strong><\/td>\n<td>Edelstahl, Metall<\/td>\n<\/tr>\n<tr>\n<td><strong>Au\u00dfenverkleidung<\/strong><\/td>\n<td>Metallisch<\/td>\n<\/tr>\n<tr>\n<td><strong>Ist sp\u00fclmaschinenfest<\/strong><\/td>\n<td>Nein<\/td>\n<\/tr>\n<tr>\n<td><strong>Markenname<\/strong><\/td>\n<td>KRUPS<\/td>\n<\/tr>\n<tr>\n<td><strong>Enthaltene Komponenten<\/strong><\/td>\n<td>Krups EA895N Kaffeevollautomat Evidence One<\/td>\n<\/tr>\n<tr>\n<td><strong>Modellname<\/strong><\/td>\n<td>Evidence One EA895N<\/td>\n<\/tr>\n<tr>\n<td><strong>Modellnummer<\/strong><\/td>\n<td>EA895N10<\/td>\n<\/tr>\n<tr>\n<td><strong>Herstellungsjahr<\/strong><\/td>\n<td>2020<\/td>\n<\/tr>\n<tr>\n<td><strong>Global Trade Identification Number<\/strong><\/td>\n<td>03016661157202, 13016661157209<\/td>\n<\/tr>\n<tr>\n<td><strong>Hersteller<\/strong><\/td>\n<td>Krups<\/td>\n<\/tr>\n<tr>\n<td><strong>Teilenummer<\/strong><\/td>\n<td>EA895N10<\/td>\n<\/tr>\n<tr>\n<td><strong>Artikeltypbezeichnung<\/strong><\/td>\n<td>Kaffeevollautomat<\/td>\n<\/tr>\n<tr>\n<td><strong>Amazon Bestseller-Rang<\/strong><\/td>\n<td><\/td>\n<\/tr>\n<tr>\n<td><strong>ASIN<\/strong><\/td>\n<td>B07X9ZJ536<\/td>\n<\/tr>\n<tr>\n<td><strong>Durchschnittliche Kundenbewertung<\/strong><\/td>\n<td><\/td>\n<\/tr>\n<tr>\n<td><strong>Farbe<\/strong><\/td>\n<td>Meteor Graphit<\/td>\n<\/tr>\n<tr>\n<td><strong>Stil<\/strong><\/td>\n<td>12 Getr\u00e4nkespezialit\u00e4ten<\/td>\n<\/tr>\n<\/tbody>\n<\/table>\n<\/ul>","protected":false},"excerpt":{"rendered":"<p>Product Overview Marke: KRUPS Kapazit\u00e4t: 2,3 Liter Farbe: Meteor Graphit Produktabmessungen: 24,3T x 36,5B x 36,5H cm Besonderes Merkmal: Milchaufsch\u00e4umer<\/p>","protected":false},"featured_media":31940,"comment_status":"open","ping_status":"closed","template":"","meta":[],"product_brand":[],"product_cat":[26],"product_tag":[],"class_list":{"0":"post-31762","1":"product","2":"type-product","3":"status-publish","4":"has-post-thumbnail","6":"product_cat-bestseller","8":"first","9":"instock","10":"sale","11":"shipping-taxable","12":"purchasable","13":"product-type-variable"},"jetpack_sharing_enabled":true,"_links":{"self":[{"href":"https:\/\/prismirror.shop\/en\/wp-json\/wp\/v2\/product\/31762","targetHints":{"allow":["GET"]}}],"collection":[{"href":"https:\/\/prismirror.shop\/en\/wp-json\/wp\/v2\/product"}],"about":[{"href":"https:\/\/prismirror.shop\/en\/wp-json\/wp\/v2\/types\/product"}],"replies":[{"embeddable":true,"href":"https:\/\/prismirror.shop\/en\/wp-json\/wp\/v2\/comments?post=31762"}],"version-history":[{"count":1,"href":"https:\/\/prismirror.shop\/en\/wp-json\/wp\/v2\/product\/31762\/revisions"}],"predecessor-version":[{"id":31804,"href":"https:\/\/prismirror.shop\/en\/wp-json\/wp\/v2\/product\/31762\/revisions\/31804"}],"wp:featuredmedia":[{"embeddable":true,"href":"https:\/\/prismirror.shop\/en\/wp-json\/wp\/v2\/media\/31940"}],"wp:attachment":[{"href":"https:\/\/prismirror.shop\/en\/wp-json\/wp\/v2\/media?parent=31762"}],"wp:term":[{"taxonomy":"product_brand","embeddable":true,"href":"https:\/\/prismirror.shop\/en\/wp-json\/wp\/v2\/product_brand?post=31762"},{"taxonomy":"product_cat","embeddable":true,"href":"https:\/\/prismirror.shop\/en\/wp-json\/wp\/v2\/product_cat?post=31762"},{"taxonomy":"product_tag","embeddable":true,"href":"https:\/\/prismirror.shop\/en\/wp-json\/wp\/v2\/product_tag?post=31762"}],"curies":[{"name":"wp","href":"https:\/\/api.w.org\/{rel}","templated":true}]}}