{"id":31769,"date":"2026-05-11T12:10:57","date_gmt":"2026-05-11T12:10:57","guid":{"rendered":"https:\/\/prismirror.shop\/product\/melitta-purista-kaffeevollautomat-mit-lieblingskaffee-funktion-kaffeemaschine-mit-mahlwerk-und-3-stufig-einstellbarer-kaffeestarke-fur-kaffee-und-espresso-schwarz\/"},"modified":"2026-05-11T12:14:52","modified_gmt":"2026-05-11T12:14:52","slug":"melitta-purista-kaffeevollautomat-mit-lieblingskaffee-funktion-kaffeemaschine-mit-mahlwerk-und-3-stufig-einstellbarer-kaffeestarke-fur-kaffee-und-espresso-schwarz","status":"publish","type":"product","link":"https:\/\/prismirror.shop\/en\/product\/melitta-purista-kaffeevollautomat-mit-lieblingskaffee-funktion-kaffeemaschine-mit-mahlwerk-und-3-stufig-einstellbarer-kaffeestarke-fur-kaffee-und-espresso-schwarz\/","title":{"rendered":"Melitta Purista Kaffeevollautomat Mahlwerk Lieblingskaffee-Funktion 3-stufig Kaffeest\u00e4rke Espresso Schwarz"},"content":{"rendered":"<p><strong>Product Overview<\/strong><\/p>\n<ul>\n<li>\n<strong>Marke:<\/strong> Melitta<\/li>\n<li>\n<strong>Kapazit\u00e4t:<\/strong> 1,2 Liter<\/li>\n<li>\n<strong>Farbe:<\/strong> Schwarz<\/li>\n<li>\n<strong>Produktabmessungen:<\/strong> 459T x 22B x 33,4H cm<\/li>\n<li>\n<strong>Besonderes Merkmal:<\/strong> <\/li>\n<\/ul>\n<p><strong>Product Features<\/strong><\/p>\n<ul>\n<li>Extra kleine Kaffeemaschine: Die Melitta Purista ist mit 20 cm Breite einer der schmalsten Kaffeevollautomaten am Markt und steht f\u00fcr Kaffee und Espresso<\/li>\n<li>Dein Lieblingskaffee: Neben voreingestellten Kaffeerezepten kann der Melitta Kaffeevollautomat individuelle Vorlieben einer Person abspeichern und zubereiten<\/li>\n<li>Individuelle Zubereitung: Der Vollautomat \u00fcberzeugt mit einem 5-stufig einstellbarem Mahlwerk, h\u00f6henverstellbarem Auslauf und einer 3-stufig einstellbaren Kaffeest\u00e4rke<\/li>\n<li>Maximaler Kaffeegenuss: Durch die Vorbr\u00fchfunktion (\u201ePre-Infusion\u201c) wird das gemahlene Kaffeemehl kurz angefeuchtet, bevor der Kaffeeautomat mit dem Br\u00fchvorgang beginnt<\/li>\n<li>Melitta Companion App: Unsere kostenlose Companion App bietet komfortable Servicefunktionen f\u00fcr Deine Espressomaschine und liefert spannende Informationen rund um den Kaffeegenuss<\/li>\n<\/ul>\n<p><strong>Product Information<\/strong><\/p>\n<ul>\n<table style=\"margin-bottom:20px\">\n<tbody>\n<tr>\n<td><strong>Besondere Eigenschaften<\/strong><\/td>\n<td>leises Mahlwerk; Digitaldisplay; h\u00f6henverstellbarer Auslauf; Entnehmbare Br\u00fcheinheit; automatische Abschaltung; sp\u00fclmaschinenfeste Teile; oneTouch Function; Automatische Sp\u00fclfunktion und Reinigungsprogramme; Tassenw\u00e4rmer; 2-Tassen-Funktion; Genie\u00dferprofile<\/td>\n<\/tr>\n<tr>\n<td><strong>Kaffeemaschinentyp<\/strong><\/td>\n<td>Espressomaschine<\/td>\n<\/tr>\n<tr>\n<td><strong>Bestimmte Nutzungsm\u00f6gl. des Produkts<\/strong><\/td>\n<td>cup_warmer, milk_frother<\/td>\n<\/tr>\n<tr>\n<td><strong>Empfohlene Verw.bereiche f\u00fcr Produkt<\/strong><\/td>\n<td>Reisen<\/td>\n<\/tr>\n<tr>\n<td><strong>Betriebsmodus<\/strong><\/td>\n<td>fully_automatic<\/td>\n<\/tr>\n<tr>\n<td><strong>Wattzahl<\/strong><\/td>\n<td>1450 Watt<\/td>\n<\/tr>\n<tr>\n<td><strong>Spannung<\/strong><\/td>\n<td>220 Volt<\/td>\n<\/tr>\n<tr>\n<td><strong>Eingabe \u00fcber Benutzeroberfl\u00e4che<\/strong><\/td>\n<td>Tasten<\/td>\n<\/tr>\n<tr>\n<td><strong>Geeigneter Kaffeeetyp<\/strong><\/td>\n<td>whole beans<\/td>\n<\/tr>\n<tr>\n<td><strong>Smart-Home-Kompatibilit\u00e4t<\/strong><\/td>\n<td>Nicht Smart-Home-kompatibel<\/td>\n<\/tr>\n<tr>\n<td><strong>Energiequelle<\/strong><\/td>\n<td>AC Adapter<\/td>\n<\/tr>\n<tr>\n<td><strong>Filtertyp<\/strong><\/td>\n<td>Wiederverwendbar<\/td>\n<\/tr>\n<tr>\n<td><strong>Kapazit\u00e4t<\/strong><\/td>\n<td>1,2 Liter<\/td>\n<\/tr>\n<tr>\n<td><strong>Artikel Abmessungen T x B x H<\/strong><\/td>\n<td>459T x 22B x 33,4H cm<\/td>\n<\/tr>\n<tr>\n<td><strong>Artikelgewicht<\/strong><\/td>\n<td>8 Kilogramm<\/td>\n<\/tr>\n<tr>\n<td><strong>Anzahl der Artikel<\/strong><\/td>\n<td>1<\/td>\n<\/tr>\n<tr>\n<td><strong>Anzahl von Einheiten<\/strong><\/td>\n<td>1.0 st\u00fcck<\/td>\n<\/tr>\n<tr>\n<td><strong>Material<\/strong><\/td>\n<td>Edelstahl, Kunststoff<\/td>\n<\/tr>\n<tr>\n<td><strong>Au\u00dfenverkleidung<\/strong><\/td>\n<td>Mattschwarz<\/td>\n<\/tr>\n<tr>\n<td><strong>Ist sp\u00fclmaschinenfest<\/strong><\/td>\n<td>Nein<\/td>\n<\/tr>\n<tr>\n<td><strong>Markenname<\/strong><\/td>\n<td>Melitta<\/td>\n<\/tr>\n<tr>\n<td><strong>Ursprungsland<\/strong><\/td>\n<td>Portugal<\/td>\n<\/tr>\n<tr>\n<td><strong>Enthaltene Komponenten<\/strong><\/td>\n<td>Mahlwerk, Anti-Scratch-Einsatz, Entnehmbare Br\u00fchgruppe, Wasserfilter<\/td>\n<\/tr>\n<tr>\n<td><strong>Modellname<\/strong><\/td>\n<td>Purista<\/td>\n<\/tr>\n<tr>\n<td><strong>Modellnummer<\/strong><\/td>\n<td>F230-102<\/td>\n<\/tr>\n<tr>\n<td><strong>Verpackung<\/strong><\/td>\n<td>Standardverpackung<\/td>\n<\/tr>\n<tr>\n<td><strong>Global Trade Identification Number<\/strong><\/td>\n<td>04006508221615<\/td>\n<\/tr>\n<tr>\n<td><strong>Hersteller<\/strong><\/td>\n<td>Melitta<\/td>\n<\/tr>\n<tr>\n<td><strong>Garantie f\u00fcr das Produkt<\/strong><\/td>\n<td>2 jahre herstellergarantie.<\/td>\n<\/tr>\n<tr>\n<td><strong>Teilenummer<\/strong><\/td>\n<td>6766027<\/td>\n<\/tr>\n<tr>\n<td><strong>Artikeltypbezeichnung<\/strong><\/td>\n<td>Purista F230-102 Kaffeevollautomat<\/td>\n<\/tr>\n<tr>\n<td><strong>Amazon Bestseller-Rang<\/strong><\/td>\n<td><\/td>\n<\/tr>\n<tr>\n<td><strong>ASIN<\/strong><\/td>\n<td>B07TVNNZCY<\/td>\n<\/tr>\n<tr>\n<td><strong>Durchschnittliche Kundenbewertung<\/strong><\/td>\n<td><\/td>\n<\/tr>\n<tr>\n<td><strong>Farbe<\/strong><\/td>\n<td>Schwarz<\/td>\n<\/tr>\n<tr>\n<td><strong>Stil<\/strong><\/td>\n<td>Kaffeevollautomat<\/td>\n<\/tr>\n<tr>\n<td><strong>Verf\u00fcgbarkeitsdauer f\u00fcr EU-Ersatzteile<\/strong><\/td>\n<td>10 Jahre<\/td>\n<\/tr>\n<\/tbody>\n<\/table>\n<\/ul>","protected":false},"excerpt":{"rendered":"<p>Product Overview Marke: Melitta Kapazit\u00e4t: 1,2 Liter Farbe: Schwarz Produktabmessungen: 459T x 22B x 33,4H cm Besonderes Merkmal: Product Features<\/p>","protected":false},"featured_media":31952,"comment_status":"open","ping_status":"closed","template":"","meta":[],"product_brand":[],"product_cat":[26],"product_tag":[],"class_list":{"0":"post-31769","1":"product","2":"type-product","3":"status-publish","4":"has-post-thumbnail","6":"product_cat-bestseller","8":"first","9":"instock","10":"sale","11":"shipping-taxable","12":"purchasable","13":"product-type-variable"},"jetpack_sharing_enabled":true,"_links":{"self":[{"href":"https:\/\/prismirror.shop\/en\/wp-json\/wp\/v2\/product\/31769","targetHints":{"allow":["GET"]}}],"collection":[{"href":"https:\/\/prismirror.shop\/en\/wp-json\/wp\/v2\/product"}],"about":[{"href":"https:\/\/prismirror.shop\/en\/wp-json\/wp\/v2\/types\/product"}],"replies":[{"embeddable":true,"href":"https:\/\/prismirror.shop\/en\/wp-json\/wp\/v2\/comments?post=31769"}],"version-history":[{"count":1,"href":"https:\/\/prismirror.shop\/en\/wp-json\/wp\/v2\/product\/31769\/revisions"}],"predecessor-version":[{"id":31803,"href":"https:\/\/prismirror.shop\/en\/wp-json\/wp\/v2\/product\/31769\/revisions\/31803"}],"wp:featuredmedia":[{"embeddable":true,"href":"https:\/\/prismirror.shop\/en\/wp-json\/wp\/v2\/media\/31952"}],"wp:attachment":[{"href":"https:\/\/prismirror.shop\/en\/wp-json\/wp\/v2\/media?parent=31769"}],"wp:term":[{"taxonomy":"product_brand","embeddable":true,"href":"https:\/\/prismirror.shop\/en\/wp-json\/wp\/v2\/product_brand?post=31769"},{"taxonomy":"product_cat","embeddable":true,"href":"https:\/\/prismirror.shop\/en\/wp-json\/wp\/v2\/product_cat?post=31769"},{"taxonomy":"product_tag","embeddable":true,"href":"https:\/\/prismirror.shop\/en\/wp-json\/wp\/v2\/product_tag?post=31769"}],"curies":[{"name":"wp","href":"https:\/\/api.w.org\/{rel}","templated":true}]}}