{"id":31779,"date":"2026-05-11T12:10:58","date_gmt":"2026-05-11T12:10:58","guid":{"rendered":"https:\/\/prismirror.shop\/product\/sage-the-barista-express-kaffeemaschine-mit-manuellem-milchaufschaumer-mahlwerk-automatisches-mahlen-individueller-milchschaum-gebursteter-edelstahl-milchkannchen-mit-temperaturregelung\/"},"modified":"2026-05-11T12:14:52","modified_gmt":"2026-05-11T12:14:52","slug":"sage-the-barista-express-kaffeemaschine-mit-manuellem-milchaufschaumer-mahlwerk-automatisches-mahlen-individueller-milchschaum-gebursteter-edelstahl-milchkannchen-mit-temperaturregelung","status":"publish","type":"product","link":"https:\/\/prismirror.shop\/en\/product\/sage-the-barista-express-kaffeemaschine-mit-manuellem-milchaufschaumer-mahlwerk-automatisches-mahlen-individueller-milchschaum-gebursteter-edelstahl-milchkannchen-mit-temperaturregelung\/","title":{"rendered":"Sage Barista Express Kaffeemaschine Mahlwerk Manueller Milchaufsch\u00e4umer Edelstahl Temperaturregelung"},"content":{"rendered":"<p><strong>Product Overview<\/strong><\/p>\n<ul>\n<li>\n<strong>Marke:<\/strong> Sage<\/li>\n<li>\n<strong>Kapazit\u00e4t:<\/strong> 250 Gramm<\/li>\n<li>\n<strong>Farbe:<\/strong> Geb\u00fcrsteter Edelstahl<\/li>\n<li>\n<strong>Produktabmessungen:<\/strong> 41T x 41B x 45H cm<\/li>\n<li>\n<strong>Besonderes Merkmal:<\/strong> Integrierter Kaffeem\u00fchle, pr\u00e4zise Temperaturregelung, manuelle Texturierung Milch aus Mikroschaum<\/li>\n<\/ul>\n<p><strong>Product Features<\/strong><\/p>\n<ul>\n<li>Besserer Kaffee: Erleben Sie pr\u00e4zisen Kaffee mit der Sage Barista Express Siebtr\u00e4germaschine, die Pr\u00e4zisionstechnik und Innovation nahtlos zu einem transformativen Espresso-Erlebnis f\u00fcr zu Hause verbindet<\/li>\n<li>Integriertes Pr\u00e4zisionsmahlwerk: Das integrierte Mahlwerk mit 16 Mahlgradeinstellungen liefert die richtige Menge frisch gemahlenen Kaffees direkt in den Siebtr\u00e4ger und sorgt f\u00fcr maximalen Geschmack in jeder Tasse<\/li>\n<li>Optimale Temperatur: Die pr\u00e4zise Wassertemperatur von 93\u00b0C in Verbindung mit der Vorbr\u00fchung mit niedrigem Druck, bei der der Druck allm\u00e4hlich erh\u00f6ht wird, sorgt f\u00fcr eine gleichm\u00e4\u00dfige Verteilung der Aromen und damit f\u00fcr einen cremigen Espresso<\/li>\n<li>Manueller Milchaufsch\u00e4umer: \u00dcbernehmen Sie die Kontrolle \u00fcber den Milchaufsch\u00e4umungsprozess mit dem leistungsstarken Dampfstab. Zaubern Sie glatten Mikroschaum mit einer k\u00f6stlichen, seidigen Textur &#8211; ideal f\u00fcr Latte Art<\/li>\n<li>Verbessern Sie Ihr Kaffeeerlebnis: Sage bringt Innovation in Ihre K\u00fcche und vereinfacht den Weg zur perfekten Tasse. Von Caf\u00e9-Favoriten bis hin zu individuell zubereiteten Kaffeespezialit\u00e4ten<\/li>\n<\/ul>\n<p><strong>Product Information<\/strong><\/p>\n<ul>\n<table style=\"margin-bottom:20px\">\n<tbody>\n<tr>\n<td><strong>Besondere Eigenschaften<\/strong><\/td>\n<td>Integrierter Kaffeem\u00fchle, pr\u00e4zise Temperaturregelung, manuelle Texturierung Milch aus Mikroschaum<\/td>\n<\/tr>\n<tr>\n<td><strong>Kaffeemaschinentyp<\/strong><\/td>\n<td>Espressomaschine<\/td>\n<\/tr>\n<tr>\n<td><strong>Bestimmte Nutzungsm\u00f6gl. des Produkts<\/strong><\/td>\n<td>Espressozubereitung, Milchtexturierung<\/td>\n<\/tr>\n<tr>\n<td><strong>Empfohlene Verw.bereiche f\u00fcr Produkt<\/strong><\/td>\n<td>Kaffeezubereitung<\/td>\n<\/tr>\n<tr>\n<td><strong>Betriebsmodus<\/strong><\/td>\n<td>Vollautomatisch<\/td>\n<\/tr>\n<tr>\n<td><strong>Wattzahl<\/strong><\/td>\n<td>10490 Watt<\/td>\n<\/tr>\n<tr>\n<td><strong>Spannung<\/strong><\/td>\n<td>240 Volt<\/td>\n<\/tr>\n<tr>\n<td><strong>Eingabe \u00fcber Benutzeroberfl\u00e4che<\/strong><\/td>\n<td>Tasten, W\u00e4hlfeld<\/td>\n<\/tr>\n<tr>\n<td><strong>Geeigneter Kaffeeetyp<\/strong><\/td>\n<td>Gemahlen oder K\u00f6rner<\/td>\n<\/tr>\n<tr>\n<td><strong>Energiequelle<\/strong><\/td>\n<td>Netzteil<\/td>\n<\/tr>\n<tr>\n<td><strong>Filtertyp<\/strong><\/td>\n<td>Wiederverwendbar<\/td>\n<\/tr>\n<tr>\n<td><strong>Kapazit\u00e4t<\/strong><\/td>\n<td>250 Gramm<\/td>\n<\/tr>\n<tr>\n<td><strong>Artikel Abmessungen T x B x H<\/strong><\/td>\n<td>41T x 41B x 45H cm<\/td>\n<\/tr>\n<tr>\n<td><strong>Artikelgewicht<\/strong><\/td>\n<td>10,49 Kilogramm<\/td>\n<\/tr>\n<tr>\n<td><strong>Anzahl der Artikel<\/strong><\/td>\n<td>1<\/td>\n<\/tr>\n<tr>\n<td><strong>Anzahl von Einheiten<\/strong><\/td>\n<td>1.0 st\u00fcck<\/td>\n<\/tr>\n<tr>\n<td><strong>Material<\/strong><\/td>\n<td>Edelstahl<\/td>\n<\/tr>\n<tr>\n<td><strong>Au\u00dfenverkleidung<\/strong><\/td>\n<td>Schwarz.<\/td>\n<\/tr>\n<tr>\n<td><strong>Ist sp\u00fclmaschinenfest<\/strong><\/td>\n<td>Nein<\/td>\n<\/tr>\n<tr>\n<td><strong>Markenname<\/strong><\/td>\n<td>Sage<\/td>\n<\/tr>\n<tr>\n<td><strong>Ursprungsland<\/strong><\/td>\n<td>China<\/td>\n<\/tr>\n<tr>\n<td><strong>Enthaltene Komponenten<\/strong><\/td>\n<td>Portafilter, integrierte Kegelm\u00fchle<\/td>\n<\/tr>\n<tr>\n<td><strong>Modellname<\/strong><\/td>\n<td>SES875BSS2EEU1A<\/td>\n<\/tr>\n<tr>\n<td><strong>Modellnummer<\/strong><\/td>\n<td>SES875BSS2EEU1A<\/td>\n<\/tr>\n<tr>\n<td><strong>Verpackung<\/strong><\/td>\n<td>Standardverpackung<\/td>\n<\/tr>\n<tr>\n<td><strong>Global Trade Identification Number<\/strong><\/td>\n<td>09312432030144<\/td>\n<\/tr>\n<tr>\n<td><strong>Hersteller<\/strong><\/td>\n<td>BRG Appliances<\/td>\n<\/tr>\n<tr>\n<td><strong>Garantie f\u00fcr das Produkt<\/strong><\/td>\n<td>1 jahr.<\/td>\n<\/tr>\n<tr>\n<td><strong>Teilenummer<\/strong><\/td>\n<td>SES875BSS2EEU1A<\/td>\n<\/tr>\n<tr>\n<td><strong>Artikeltypbezeichnung<\/strong><\/td>\n<td>Espresso-Maschine<\/td>\n<\/tr>\n<tr>\n<td><strong>Amazon Bestseller-Rang<\/strong><\/td>\n<td><\/td>\n<\/tr>\n<tr>\n<td><strong>ASIN<\/strong><\/td>\n<td>B07B2X1VXZ<\/td>\n<\/tr>\n<tr>\n<td><strong>Durchschnittliche Kundenbewertung<\/strong><\/td>\n<td><\/td>\n<\/tr>\n<tr>\n<td><strong>Farbe<\/strong><\/td>\n<td>Geb\u00fcrsteter Edelstahl<\/td>\n<\/tr>\n<tr>\n<td><strong>Stil<\/strong><\/td>\n<td>Milchk\u00e4nnchen mit Temperaturregelung<\/td>\n<\/tr>\n<\/tbody>\n<\/table>\n<\/ul>","protected":false},"excerpt":{"rendered":"<p>Product Overview Marke: Sage Kapazit\u00e4t: 250 Gramm Farbe: Geb\u00fcrsteter Edelstahl Produktabmessungen: 41T x 41B x 45H cm Besonderes Merkmal: Integrierter<\/p>","protected":false},"featured_media":31969,"comment_status":"open","ping_status":"closed","template":"","meta":[],"product_brand":[],"product_cat":[26],"product_tag":[],"class_list":{"0":"post-31779","1":"product","2":"type-product","3":"status-publish","4":"has-post-thumbnail","6":"product_cat-bestseller","8":"first","9":"instock","10":"sale","11":"shipping-taxable","12":"purchasable","13":"product-type-variable"},"jetpack_sharing_enabled":true,"_links":{"self":[{"href":"https:\/\/prismirror.shop\/en\/wp-json\/wp\/v2\/product\/31779","targetHints":{"allow":["GET"]}}],"collection":[{"href":"https:\/\/prismirror.shop\/en\/wp-json\/wp\/v2\/product"}],"about":[{"href":"https:\/\/prismirror.shop\/en\/wp-json\/wp\/v2\/types\/product"}],"replies":[{"embeddable":true,"href":"https:\/\/prismirror.shop\/en\/wp-json\/wp\/v2\/comments?post=31779"}],"version-history":[{"count":1,"href":"https:\/\/prismirror.shop\/en\/wp-json\/wp\/v2\/product\/31779\/revisions"}],"predecessor-version":[{"id":31801,"href":"https:\/\/prismirror.shop\/en\/wp-json\/wp\/v2\/product\/31779\/revisions\/31801"}],"wp:featuredmedia":[{"embeddable":true,"href":"https:\/\/prismirror.shop\/en\/wp-json\/wp\/v2\/media\/31969"}],"wp:attachment":[{"href":"https:\/\/prismirror.shop\/en\/wp-json\/wp\/v2\/media?parent=31779"}],"wp:term":[{"taxonomy":"product_brand","embeddable":true,"href":"https:\/\/prismirror.shop\/en\/wp-json\/wp\/v2\/product_brand?post=31779"},{"taxonomy":"product_cat","embeddable":true,"href":"https:\/\/prismirror.shop\/en\/wp-json\/wp\/v2\/product_cat?post=31779"},{"taxonomy":"product_tag","embeddable":true,"href":"https:\/\/prismirror.shop\/en\/wp-json\/wp\/v2\/product_tag?post=31779"}],"curies":[{"name":"wp","href":"https:\/\/api.w.org\/{rel}","templated":true}]}}