{"id":31787,"date":"2026-05-11T12:11:00","date_gmt":"2026-05-11T12:11:00","guid":{"rendered":"https:\/\/prismirror.shop\/product\/siemens-kaffeevollautomat-eq6-plus-s700-milchsystem-12-getranke-automatische-reinigung-des-milchsystems-keramikmahlwerk-grosses-touchdisplay-edelstahl-te657503de\/"},"modified":"2026-05-11T12:14:52","modified_gmt":"2026-05-11T12:14:52","slug":"siemens-kaffeevollautomat-eq6-plus-s700-milchsystem-12-getranke-automatische-reinigung-des-milchsystems-keramikmahlwerk-grosses-touchdisplay-edelstahl-te657503de","status":"publish","type":"product","link":"https:\/\/prismirror.shop\/en\/product\/siemens-kaffeevollautomat-eq6-plus-s700-milchsystem-12-getranke-automatische-reinigung-des-milchsystems-keramikmahlwerk-grosses-touchdisplay-edelstahl-te657503de\/","title":{"rendered":"Siemens EQ6 Plus S700 TE657503DE Kaffeevollautomat 12 Getr\u00e4nke Milchsystem Keramikmahlwerk Touch Edelstahl"},"content":{"rendered":"<p><strong>Product Overview<\/strong><\/p>\n<ul>\n<li>\n<strong>Marke:<\/strong> Siemens<\/li>\n<li>\n<strong>Kapazit\u00e4t:<\/strong> 1,7 Liter<\/li>\n<li>\n<strong>Farbe:<\/strong> Edelstahl<\/li>\n<li>\n<strong>Produktabmessungen:<\/strong> 46,5T x 28B x 38,5H cm<\/li>\n<li>\n<strong>Besonderes Merkmal:<\/strong> Integrierte Kaffeem\u00fchle<\/li>\n<\/ul>\n<p><strong>Product Features<\/strong><\/p>\n<ul>\n<li>Einfache Bedienung: Kaffee- oder Milchgetr\u00e4nke lassen sich bequem \u00fcber das gro\u00dfe Touchdisplay ausw\u00e4hlen<\/li>\n<li>Automatische Milchsystem-Reinigung: Nach jedem milchbasierten Getr\u00e4nk wird das Milchsystem automatisch mit hei\u00dfem Dampf gereinigt<\/li>\n<li>2 Tassen gleichzeitig: Ob cremiger Cappuccino, Latte Macchiato oder Espresso, alle Spezialit\u00e4ten k\u00f6nnen parallel zubereitet werden<\/li>\n<li>Pers\u00f6nlicher Genuss auf Knopfdruck: Individuell eingestellte Kaffee- und Milchgetr\u00e4nke k\u00f6nnen als Favoriten gespeichert werden<\/li>\n<li>Intensives Kaffeearoma: 2 Mahl- und Br\u00fchzyklen sorgen f\u00fcr besonders intensiven, aromatischen Kaffeegenuss<\/li>\n<\/ul>\n<p><strong>Product Information<\/strong><\/p>\n<ul>\n<table style=\"margin-bottom:20px\">\n<tbody>\n<tr>\n<td><strong>Besondere Eigenschaften<\/strong><\/td>\n<td>Integrierte Kaffeem\u00fchle<\/td>\n<\/tr>\n<tr>\n<td><strong>Kaffeemaschinentyp<\/strong><\/td>\n<td>Espressomaschine<\/td>\n<\/tr>\n<tr>\n<td><strong>Bestimmte Nutzungsm\u00f6gl. des Produkts<\/strong><\/td>\n<td>Espresso<\/td>\n<\/tr>\n<tr>\n<td><strong>Empfohlene Verw.bereiche f\u00fcr Produkt<\/strong><\/td>\n<td>Zuhause, kleines B\u00fcro<\/td>\n<\/tr>\n<tr>\n<td><strong>Betriebsmodus<\/strong><\/td>\n<td>Vollautomatisch<\/td>\n<\/tr>\n<tr>\n<td><strong>Wattzahl<\/strong><\/td>\n<td>1500 Watt<\/td>\n<\/tr>\n<tr>\n<td><strong>Spannung<\/strong><\/td>\n<td>220.0<\/td>\n<\/tr>\n<tr>\n<td><strong>Eingabe \u00fcber Benutzeroberfl\u00e4che<\/strong><\/td>\n<td>Tasten<\/td>\n<\/tr>\n<tr>\n<td><strong>Anzeigetyp<\/strong><\/td>\n<td>Touchscreen<\/td>\n<\/tr>\n<tr>\n<td><strong>Geeigneter Kaffeeetyp<\/strong><\/td>\n<td>ganze Bohnen<\/td>\n<\/tr>\n<tr>\n<td><strong>Filtertyp<\/strong><\/td>\n<td>Wiederverwendbar<\/td>\n<\/tr>\n<tr>\n<td><strong>Kapazit\u00e4t<\/strong><\/td>\n<td>1,7 Liter<\/td>\n<\/tr>\n<tr>\n<td><strong>Artikel Abmessungen T x B x H<\/strong><\/td>\n<td>46,5T x 28B x 38,5H cm<\/td>\n<\/tr>\n<tr>\n<td><strong>Artikelgewicht<\/strong><\/td>\n<td>10,4 Kilogramm<\/td>\n<\/tr>\n<tr>\n<td><strong>Anzahl der Artikel<\/strong><\/td>\n<td>1<\/td>\n<\/tr>\n<tr>\n<td><strong>Anzahl von Einheiten<\/strong><\/td>\n<td>1.0 st\u00fcck<\/td>\n<\/tr>\n<tr>\n<td><strong>Material<\/strong><\/td>\n<td>Edelstahl<\/td>\n<\/tr>\n<tr>\n<td><strong>Au\u00dfenverkleidung<\/strong><\/td>\n<td>Grau<\/td>\n<\/tr>\n<tr>\n<td><strong>Markenname<\/strong><\/td>\n<td>Siemens<\/td>\n<\/tr>\n<tr>\n<td><strong>Ursprungsland<\/strong><\/td>\n<td>China<\/td>\n<\/tr>\n<tr>\n<td><strong>Enthaltene Komponenten<\/strong><\/td>\n<td>Kaffeevollautomat&#8217;Wasserfilter BRITA INTENZA&#8217;Messl\u00f6ffel&#8217;Teststreifen f. Wasserh\u00e4rtegrad-Bestimmung&#8217;Verbindungsschlauch zu Milchd\u00fcse&#8217;Milchsteigrohr<\/td>\n<\/tr>\n<tr>\n<td><strong>Modellname<\/strong><\/td>\n<td>EQ.6 plus s700<\/td>\n<\/tr>\n<tr>\n<td><strong>Modellnummer<\/strong><\/td>\n<td>TE657503DE<\/td>\n<\/tr>\n<tr>\n<td><strong>Verpackung<\/strong><\/td>\n<td>Standardverpackung<\/td>\n<\/tr>\n<tr>\n<td><strong>Global Trade Identification Number<\/strong><\/td>\n<td>04242003806340<\/td>\n<\/tr>\n<tr>\n<td><strong>Hersteller<\/strong><\/td>\n<td>Siemens<\/td>\n<\/tr>\n<tr>\n<td><strong>Teilenummer<\/strong><\/td>\n<td>TE657503DE<\/td>\n<\/tr>\n<tr>\n<td><strong>Artikeltypbezeichnung<\/strong><\/td>\n<td>Kaffeevollautomat<\/td>\n<\/tr>\n<tr>\n<td><strong>Kontaktinformationen des Herstellers<\/strong><\/td>\n<td>Carl-Wery-Stra\u00dfe 34, 81739 M\u00fcnchen<\/td>\n<\/tr>\n<tr>\n<td><strong>Amazon Bestseller-Rang<\/strong><\/td>\n<td><\/td>\n<\/tr>\n<tr>\n<td><strong>ASIN<\/strong><\/td>\n<td>B074QL4W4K<\/td>\n<\/tr>\n<tr>\n<td><strong>Durchschnittliche Kundenbewertung<\/strong><\/td>\n<td><\/td>\n<\/tr>\n<tr>\n<td><strong>Farbe<\/strong><\/td>\n<td>Edelstahl<\/td>\n<\/tr>\n<tr>\n<td><strong>Stil<\/strong><\/td>\n<td>Kaffeevollautomat<\/td>\n<\/tr>\n<\/tbody>\n<\/table>\n<\/ul>","protected":false},"excerpt":{"rendered":"<p>Product Overview Marke: Siemens Kapazit\u00e4t: 1,7 Liter Farbe: Edelstahl Produktabmessungen: 46,5T x 28B x 38,5H cm Besonderes Merkmal: Integrierte Kaffeem\u00fchle<\/p>","protected":false},"featured_media":31991,"comment_status":"open","ping_status":"closed","template":"","meta":[],"product_brand":[],"product_cat":[26],"product_tag":[],"class_list":{"0":"post-31787","1":"product","2":"type-product","3":"status-publish","4":"has-post-thumbnail","6":"product_cat-bestseller","8":"first","9":"instock","10":"sale","11":"shipping-taxable","12":"purchasable","13":"product-type-variable"},"jetpack_sharing_enabled":true,"_links":{"self":[{"href":"https:\/\/prismirror.shop\/en\/wp-json\/wp\/v2\/product\/31787","targetHints":{"allow":["GET"]}}],"collection":[{"href":"https:\/\/prismirror.shop\/en\/wp-json\/wp\/v2\/product"}],"about":[{"href":"https:\/\/prismirror.shop\/en\/wp-json\/wp\/v2\/types\/product"}],"replies":[{"embeddable":true,"href":"https:\/\/prismirror.shop\/en\/wp-json\/wp\/v2\/comments?post=31787"}],"version-history":[{"count":1,"href":"https:\/\/prismirror.shop\/en\/wp-json\/wp\/v2\/product\/31787\/revisions"}],"predecessor-version":[{"id":31799,"href":"https:\/\/prismirror.shop\/en\/wp-json\/wp\/v2\/product\/31787\/revisions\/31799"}],"wp:featuredmedia":[{"embeddable":true,"href":"https:\/\/prismirror.shop\/en\/wp-json\/wp\/v2\/media\/31991"}],"wp:attachment":[{"href":"https:\/\/prismirror.shop\/en\/wp-json\/wp\/v2\/media?parent=31787"}],"wp:term":[{"taxonomy":"product_brand","embeddable":true,"href":"https:\/\/prismirror.shop\/en\/wp-json\/wp\/v2\/product_brand?post=31787"},{"taxonomy":"product_cat","embeddable":true,"href":"https:\/\/prismirror.shop\/en\/wp-json\/wp\/v2\/product_cat?post=31787"},{"taxonomy":"product_tag","embeddable":true,"href":"https:\/\/prismirror.shop\/en\/wp-json\/wp\/v2\/product_tag?post=31787"}],"curies":[{"name":"wp","href":"https:\/\/api.w.org\/{rel}","templated":true}]}}