{"id":31792,"date":"2026-05-11T12:11:01","date_gmt":"2026-05-11T12:11:01","guid":{"rendered":"https:\/\/prismirror.shop\/product\/tchibo-kaffeevollautomat-esperto2-caffe-mit-2-tassen-funktion-fur-caffe-crema-und-espresso-granite-black-inklusive-kaffeeprobierset-gratis\/"},"modified":"2026-05-11T12:14:52","modified_gmt":"2026-05-11T12:14:52","slug":"tchibo-kaffeevollautomat-esperto2-caffe-mit-2-tassen-funktion-fur-caffe-crema-und-espresso-granite-black-inklusive-kaffeeprobierset-gratis","status":"publish","type":"product","link":"https:\/\/prismirror.shop\/en\/product\/tchibo-kaffeevollautomat-esperto2-caffe-mit-2-tassen-funktion-fur-caffe-crema-und-espresso-granite-black-inklusive-kaffeeprobierset-gratis\/","title":{"rendered":"Tchibo Esperto2 Caff\u00e8 Kaffeevollautomat 2-Tassen Caff\u00e8 Crema Espresso Mahlwerk Granite Black"},"content":{"rendered":"<div id=\"productDescription\" class=\"a-section a-spacing-small\">       <!-- show up to 2 reviews by default --><\/p>\n<p>    <span>Bereits seit \u00fcber 35 Jahren stellen die Kaffeeexpert*innen von Tchibo Kaffeemaschinen her. Mit dem \u201eEsperto2 Caff\u00e8\u201d startet Tchibo in seine neue Vollautomaten-\u00c4ra. Kompakt und modern, zaubert die Esperto2 Serie auf Knopfdruck frisch gemahlenen Espresso und Caff\u00e8 Crema. Jede Tasse ist speziell auf Tchibo Kaffees abgestimmt \u2013 unsere Kaffeeexpert*innen haben ein ideales Zusammenspiel zwischen Mahlgrad, Wassermenge, -temperatur und Druck konzipiert. F\u00fcr kr\u00e4ftigeren Kaffeegenuss kann die Kaffeest\u00e4rke dank der Intense+ Technologie angepasst werden. Ein hochwertiges Edelstahlkernmahlwerk und eine einfache Reinugung dank entnehmbarer Br\u00fchgruppe und automatischem Entkalkungsprogramm machen den Vollautomaten dabei einfach zu pflegen und langlebig. Mit seinem hochwertigen Design und der platzsparenden Form (nur 18cm breit!) macht der Esperto2 dabei eine gute Figur in jeder K\u00fcche. Bestellen, freuen und direkt genie\u00dfen!<\/span>    <\/p>\n<\/p><\/div>\n<p><strong>Product Overview<\/strong><\/p>\n<ul>\n<li>\n<strong>Marke:<\/strong> Tchibo<\/li>\n<li>\n<strong>Kapazit\u00e4t:<\/strong> 1400 Milliliter<\/li>\n<li>\n<strong>Farbe:<\/strong> Granite Black<\/li>\n<li>\n<strong>Produktabmessungen:<\/strong> 43,3T x 18B x 33,6H cm<\/li>\n<li>\n<strong>Besonderes Merkmal:<\/strong> <\/li>\n<\/ul>\n<p><strong>Product Features<\/strong><\/p>\n<ul>\n<li>UNSER GESCHENK AN SIE: Entdecken Sie mit unserem limitierten Kaffee Probierset die Tchibo Kaffeevielfalt und finden Sie Ihren Lieblingskaffee \u2013 Starten Sie Ihren Vollautomaten mit unseren Klassikern Caff\u00e8 Crema mild, Caff\u00e8 Crema vollmundig, Barista Caff\u00e8 Crema und Espresso kr\u00e4ftig Sizilianer Art<\/li>\n<li>EINFACHE INDIVIDUELLE BEDIENUNG: Dank des doppelten Getr\u00e4nkeauslaufes mit Double Cup Funktion ist eine gleichzeitige Zubereitung von zwei Kaffees m\u00f6glich und durch das intuitive Touch-Display erhalten Sie auf Knopfdruck Kaffee wie frisch vom Barista. Dank der Intense+ Technologie k\u00f6nnen Sie Ihre Kaffeest\u00e4rke ganz einfach individualisieren, auch die Tassenmenge ist von 25 bis 250 ml programmierbar<\/li>\n<li>PLATZSPARENDES DESIGN: Trotz neuem, seitlich entnehmbaren 1,4 l Wassertank hat der Vollautomat eine Breite von nur 18cm, wodurch er in jede K\u00fcche und sogar unter K\u00fcchenoberschr\u00e4nke passt. Au\u00dferdem verf\u00fcgt der Auslauf \u00fcber eine Tassenbeleuchtung und ist h\u00f6henverstellbar<\/li>\n<li>EXTRA GRO\u00dfER BOHNENBEH\u00c4LTER + TRESTERBEH\u00c4LTER: Der Beh\u00e4lter hat eine F\u00fcllmenge von 300g und besitzt ein Sichtfenster zur F\u00fcllmengenkontrolle. Das neue Design sorgt f\u00fcr sauberes Handling, weniger Kaffeemehlr\u00fcckst\u00e4nde neben dem Trester und bietet weiterhin ein Fassungsverm\u00f6gen f\u00fcr 10 Portionen<\/li>\n<li>SCHNELLE REINIGUNG: Das automatische Entkalkungsprogramm und die entnehmbare Br\u00fchgruppe machen den Vollautomaten einfach zu pflegen und langlebig<\/li>\n<\/ul>\n<p><strong>Product Information<\/strong><\/p>\n<ul>\n<table style=\"margin-bottom:20px\">\n<tbody>\n<tr>\n<td><strong>Besondere Eigenschaften<\/strong><\/td>\n<td>Double Cup Funktion, Programmierbar, Tassenbeleuchtung, bequeme Reinigung, h\u00f6henverstellbar, platzsparend<\/td>\n<\/tr>\n<tr>\n<td><strong>Wattzahl<\/strong><\/td>\n<td>1470 Watt<\/td>\n<\/tr>\n<tr>\n<td><strong>Spannung<\/strong><\/td>\n<td>230 Volt (Wechselstrom)<\/td>\n<\/tr>\n<tr>\n<td><strong>Eingabe \u00fcber Benutzeroberfl\u00e4che<\/strong><\/td>\n<td>Touchpad<\/td>\n<\/tr>\n<tr>\n<td><strong>Kapazit\u00e4t<\/strong><\/td>\n<td>1400 Milliliter<\/td>\n<\/tr>\n<tr>\n<td><strong>Artikel Abmessungen T x B x H<\/strong><\/td>\n<td>43,3T x 18B x 33,6H cm<\/td>\n<\/tr>\n<tr>\n<td><strong>Artikelgewicht<\/strong><\/td>\n<td>8,6 Kilogramm<\/td>\n<\/tr>\n<tr>\n<td><strong>Anzahl der Artikel<\/strong><\/td>\n<td>1<\/td>\n<\/tr>\n<tr>\n<td><strong>Farbe<\/strong><\/td>\n<td>Granite Black<\/td>\n<\/tr>\n<tr>\n<td><strong>Stil<\/strong><\/td>\n<td>Esperto Caff\u00e82 + Kaffeeprobierset<\/td>\n<\/tr>\n<tr>\n<td><strong>Markenname<\/strong><\/td>\n<td>Tchibo<\/td>\n<\/tr>\n<tr>\n<td><strong>Ursprungsland<\/strong><\/td>\n<td>China<\/td>\n<\/tr>\n<tr>\n<td><strong>Enthaltene Komponenten<\/strong><\/td>\n<td>Esperto2 Caff\u00e8 Kaffeevollautomat, Kaffeeprobierset (4 x 100 gr)<\/td>\n<\/tr>\n<tr>\n<td><strong>Modellname<\/strong><\/td>\n<td>Esperto2 Caff\u00e8<\/td>\n<\/tr>\n<tr>\n<td><strong>Modellnummer<\/strong><\/td>\n<td>MSA21100<\/td>\n<\/tr>\n<tr>\n<td><strong>Hersteller<\/strong><\/td>\n<td>Tchibo GmbH, \u00dcberseering 18, 22297 Hamburg<\/td>\n<\/tr>\n<tr>\n<td><strong>Teilenummer<\/strong><\/td>\n<td>650614<\/td>\n<\/tr>\n<tr>\n<td><strong>Artikeltypbezeichnung<\/strong><\/td>\n<td>Kaffeevollautomat<\/td>\n<\/tr>\n<tr>\n<td><strong>Amazon Bestseller-Rang<\/strong><\/td>\n<td><\/td>\n<\/tr>\n<tr>\n<td><strong>ASIN<\/strong><\/td>\n<td>B0GTW4XZ5X<\/td>\n<\/tr>\n<tr>\n<td><strong>Durchschnittliche Kundenbewertung<\/strong><\/td>\n<td><\/td>\n<\/tr>\n<\/tbody>\n<\/table>\n<\/ul>","protected":false},"excerpt":{"rendered":"<p>Bereits seit \u00fcber 35 Jahren stellen die Kaffeeexpert*innen von Tchibo Kaffeemaschinen her. Mit dem \u201eEsperto2 Caff\u00e8\u201d startet Tchibo in seine<\/p>","protected":false},"featured_media":32014,"comment_status":"open","ping_status":"closed","template":"","meta":[],"product_brand":[],"product_cat":[26],"product_tag":[],"class_list":{"0":"post-31792","1":"product","2":"type-product","3":"status-publish","4":"has-post-thumbnail","6":"product_cat-bestseller","8":"first","9":"instock","10":"sale","11":"shipping-taxable","12":"purchasable","13":"product-type-variable"},"jetpack_sharing_enabled":true,"_links":{"self":[{"href":"https:\/\/prismirror.shop\/en\/wp-json\/wp\/v2\/product\/31792","targetHints":{"allow":["GET"]}}],"collection":[{"href":"https:\/\/prismirror.shop\/en\/wp-json\/wp\/v2\/product"}],"about":[{"href":"https:\/\/prismirror.shop\/en\/wp-json\/wp\/v2\/types\/product"}],"replies":[{"embeddable":true,"href":"https:\/\/prismirror.shop\/en\/wp-json\/wp\/v2\/comments?post=31792"}],"version-history":[{"count":1,"href":"https:\/\/prismirror.shop\/en\/wp-json\/wp\/v2\/product\/31792\/revisions"}],"predecessor-version":[{"id":31797,"href":"https:\/\/prismirror.shop\/en\/wp-json\/wp\/v2\/product\/31792\/revisions\/31797"}],"wp:featuredmedia":[{"embeddable":true,"href":"https:\/\/prismirror.shop\/en\/wp-json\/wp\/v2\/media\/32014"}],"wp:attachment":[{"href":"https:\/\/prismirror.shop\/en\/wp-json\/wp\/v2\/media?parent=31792"}],"wp:term":[{"taxonomy":"product_brand","embeddable":true,"href":"https:\/\/prismirror.shop\/en\/wp-json\/wp\/v2\/product_brand?post=31792"},{"taxonomy":"product_cat","embeddable":true,"href":"https:\/\/prismirror.shop\/en\/wp-json\/wp\/v2\/product_cat?post=31792"},{"taxonomy":"product_tag","embeddable":true,"href":"https:\/\/prismirror.shop\/en\/wp-json\/wp\/v2\/product_tag?post=31792"}],"curies":[{"name":"wp","href":"https:\/\/api.w.org\/{rel}","templated":true}]}}